{"id":303,"date":"2023-05-10T07:27:30","date_gmt":"2023-05-10T05:27:30","guid":{"rendered":"http:\/\/vanessasimon-sagefemme.com\/?page_id=303"},"modified":"2023-06-01T22:26:52","modified_gmt":"2023-06-01T20:26:52","slug":"ateliers-portage","status":"publish","type":"page","link":"https:\/\/vanessasimon-sagefemme.com\/index.php\/ateliers-portage\/","title":{"rendered":"Atelier portage"},"content":{"rendered":"\n<p>Conseill\u00e8re en portage depuis 2016, je vous accueille en groupe en pr\u00e9natal ou en individuel en post-natal pour vous r\u00e9pondre \u00e0 vos interrogations sur le portage de nouveau-n\u00e9 et jeunes enfants (portage en \u00e9charpe, sling, porte-b\u00e9b\u00e9, foulard et autre&#8230;). <\/p>\n\n\n\n<p>Comment installer un b\u00e9b\u00e9 en portage dans une position respectueuse de son corps? Quel confort pour le porteur? Quel mode de portage utiliser dans mon contexte? &#8230; Ces questions et bien d&#8217;autres questions que vous pouvez vous poser seront \u00e9voqu\u00e9es lors d&#8217;une s\u00e9ance de 1h30, suivie d&#8217;un envoi de vid\u00e9os de portage pour faciliter leur apprentissage.<\/p>\n\n\n\n<p>Porter c&#8217;est bien, mais porter bien, c&#8217;est mieux ^^ <\/p>\n\n\n\n<p>En <a href=\"http:\/\/vanessasimon-sagefemme.com\/index.php\/atelier-portage-avec-bebe\/\">post-natal<\/a> je peux vous revoir&#8230; et peut-\u00eatre aller plus loin en vous pr\u00e9sentant d&#8217;autres modes de portage qui r\u00e9pondront \u00e0 vos besoins ou envies du moment<\/p>\n\n\n\n<div class=\"wp-block-group is-vertical is-layout-flex wp-container-core-group-is-layout-8cf370e7 wp-block-group-is-layout-flex\">\n<div class=\"wp-block-columns are-vertically-aligned-center is-layout-flex wp-container-core-columns-is-layout-9d6595d7 wp-block-columns-is-layout-flex\">\n<div class=\"wp-block-column is-vertically-aligned-center is-layout-flow wp-block-column-is-layout-flow\" style=\"flex-basis:100%\">\n<figure class=\"wp-block-gallery has-nested-images columns-default is-cropped wp-block-gallery-1 is-layout-flex wp-block-gallery-is-layout-flex\"><\/figure>\n<\/div>\n<\/div>\n\n\n\n<figure class=\"wp-block-image size-large is-style-rounded\"><img loading=\"lazy\" decoding=\"async\" width=\"576\" height=\"1024\" src=\"http:\/\/vanessasimon-sagefemme.com\/wp-content\/uploads\/2023\/05\/PXL_20230420_100700424.MP_-576x1024.jpg\" alt=\"\" class=\"wp-image-444\" srcset=\"https:\/\/vanessasimon-sagefemme.com\/wp-content\/uploads\/2023\/05\/PXL_20230420_100700424.MP_-576x1024.jpg 576w, https:\/\/vanessasimon-sagefemme.com\/wp-content\/uploads\/2023\/05\/PXL_20230420_100700424.MP_-169x300.jpg 169w, https:\/\/vanessasimon-sagefemme.com\/wp-content\/uploads\/2023\/05\/PXL_20230420_100700424.MP_-768x1365.jpg 768w, https:\/\/vanessasimon-sagefemme.com\/wp-content\/uploads\/2023\/05\/PXL_20230420_100700424.MP_-864x1536.jpg 864w, https:\/\/vanessasimon-sagefemme.com\/wp-content\/uploads\/2023\/05\/PXL_20230420_100700424.MP_-1152x2048.jpg 1152w, https:\/\/vanessasimon-sagefemme.com\/wp-content\/uploads\/2023\/05\/PXL_20230420_100700424.MP_-34x60.jpg 34w, https:\/\/vanessasimon-sagefemme.com\/wp-content\/uploads\/2023\/05\/PXL_20230420_100700424.MP_-600x1067.jpg 600w, https:\/\/vanessasimon-sagefemme.com\/wp-content\/uploads\/2023\/05\/PXL_20230420_100700424.MP_-scaled.jpg 1440w\" sizes=\"auto, (max-width: 576px) 100vw, 576px\" \/><\/figure>\n<\/div>\n\n\n\n<div class=\"wp-block-group\"><div class=\"wp-block-group__inner-container is-layout-constrained wp-block-group-is-layout-constrained\">\n<div class=\"wp-block-group\"><div class=\"wp-block-group__inner-container is-layout-constrained wp-block-group-is-layout-constrained\">\n<figure class=\"wp-block-image size-large is-style-rounded\"><img loading=\"lazy\" decoding=\"async\" width=\"576\" height=\"1024\" src=\"http:\/\/vanessasimon-sagefemme.com\/wp-content\/uploads\/2023\/05\/PXL_20230420_100704054-576x1024.jpg\" alt=\"\" class=\"wp-image-445\" srcset=\"https:\/\/vanessasimon-sagefemme.com\/wp-content\/uploads\/2023\/05\/PXL_20230420_100704054-576x1024.jpg 576w, https:\/\/vanessasimon-sagefemme.com\/wp-content\/uploads\/2023\/05\/PXL_20230420_100704054-169x300.jpg 169w, https:\/\/vanessasimon-sagefemme.com\/wp-content\/uploads\/2023\/05\/PXL_20230420_100704054-768x1365.jpg 768w, https:\/\/vanessasimon-sagefemme.com\/wp-content\/uploads\/2023\/05\/PXL_20230420_100704054-864x1536.jpg 864w, https:\/\/vanessasimon-sagefemme.com\/wp-content\/uploads\/2023\/05\/PXL_20230420_100704054-1152x2048.jpg 1152w, https:\/\/vanessasimon-sagefemme.com\/wp-content\/uploads\/2023\/05\/PXL_20230420_100704054-34x60.jpg 34w, https:\/\/vanessasimon-sagefemme.com\/wp-content\/uploads\/2023\/05\/PXL_20230420_100704054-600x1067.jpg 600w, https:\/\/vanessasimon-sagefemme.com\/wp-content\/uploads\/2023\/05\/PXL_20230420_100704054-scaled.jpg 1440w\" sizes=\"auto, (max-width: 576px) 100vw, 576px\" \/><\/figure>\n<\/div><\/div>\n<\/div><\/div>\n","protected":false},"excerpt":{"rendered":"<p>Conseill\u00e8re en portage depuis 2016, je vous accueille en groupe en pr\u00e9natal ou en individuel en post-natal pour vous r\u00e9pondre \u00e0 vos interrogations sur le &hellip; <\/p>\n","protected":false},"author":1,"featured_media":305,"parent":0,"menu_order":0,"comment_status":"closed","ping_status":"closed","template":"","meta":{"footnotes":""},"class_list":["post-303","page","type-page","status-publish","has-post-thumbnail","hentry"],"yoast_head":"<!-- This site is optimized with the Yoast SEO plugin v20.9 - https:\/\/yoast.com\/wordpress\/plugins\/seo\/ -->\n<title>Atelier portage - Vanessa SIMON<\/title>\n<meta name=\"robots\" content=\"index, follow, max-snippet:-1, max-image-preview:large, max-video-preview:-1\" \/>\n<link rel=\"canonical\" href=\"https:\/\/vanessasimon-sagefemme.com\/index.php\/ateliers-portage\/\" \/>\n<meta property=\"og:locale\" content=\"en_US\" \/>\n<meta property=\"og:type\" content=\"article\" \/>\n<meta property=\"og:title\" content=\"Atelier portage - Vanessa SIMON\" \/>\n<meta property=\"og:description\" content=\"Conseill\u00e8re en portage depuis 2016, je vous accueille en groupe en pr\u00e9natal ou en individuel en post-natal pour vous r\u00e9pondre \u00e0 vos interrogations sur le &hellip;\" \/>\n<meta property=\"og:url\" content=\"https:\/\/vanessasimon-sagefemme.com\/index.php\/ateliers-portage\/\" \/>\n<meta property=\"og:site_name\" content=\"Vanessa SIMON\" \/>\n<meta property=\"article:modified_time\" content=\"2023-06-01T20:26:52+00:00\" \/>\n<meta property=\"og:image\" content=\"https:\/\/vanessasimon-sagefemme.com\/wp-content\/uploads\/2023\/05\/happy-mothers-day-g31ab5ee60_1280-e1683696643461.jpg\" \/>\n\t<meta property=\"og:image:width\" content=\"852\" \/>\n\t<meta property=\"og:image:height\" content=\"330\" \/>\n\t<meta property=\"og:image:type\" content=\"image\/jpeg\" \/>\n<meta name=\"twitter:card\" content=\"summary_large_image\" \/>\n<meta name=\"twitter:label1\" content=\"Est. reading time\" \/>\n\t<meta name=\"twitter:data1\" content=\"2 minutes\" \/>\n<script type=\"application\/ld+json\" class=\"yoast-schema-graph\">{\"@context\":\"https:\/\/schema.org\",\"@graph\":[{\"@type\":\"WebPage\",\"@id\":\"https:\/\/vanessasimon-sagefemme.com\/index.php\/ateliers-portage\/\",\"url\":\"https:\/\/vanessasimon-sagefemme.com\/index.php\/ateliers-portage\/\",\"name\":\"Atelier portage - Vanessa SIMON\",\"isPartOf\":{\"@id\":\"https:\/\/vanessasimon-sagefemme.com\/#website\"},\"datePublished\":\"2023-05-10T05:27:30+00:00\",\"dateModified\":\"2023-06-01T20:26:52+00:00\",\"breadcrumb\":{\"@id\":\"https:\/\/vanessasimon-sagefemme.com\/index.php\/ateliers-portage\/#breadcrumb\"},\"inLanguage\":\"en-US\",\"potentialAction\":[{\"@type\":\"ReadAction\",\"target\":[\"https:\/\/vanessasimon-sagefemme.com\/index.php\/ateliers-portage\/\"]}]},{\"@type\":\"BreadcrumbList\",\"@id\":\"https:\/\/vanessasimon-sagefemme.com\/index.php\/ateliers-portage\/#breadcrumb\",\"itemListElement\":[{\"@type\":\"ListItem\",\"position\":1,\"name\":\"Accueil\",\"item\":\"https:\/\/vanessasimon-sagefemme.com\/\"},{\"@type\":\"ListItem\",\"position\":2,\"name\":\"Atelier portage\"}]},{\"@type\":\"WebSite\",\"@id\":\"https:\/\/vanessasimon-sagefemme.com\/#website\",\"url\":\"https:\/\/vanessasimon-sagefemme.com\/\",\"name\":\"Vanessa SIMON\",\"description\":\"Sage-Femme\",\"publisher\":{\"@id\":\"https:\/\/vanessasimon-sagefemme.com\/#organization\"},\"potentialAction\":[{\"@type\":\"SearchAction\",\"target\":{\"@type\":\"EntryPoint\",\"urlTemplate\":\"https:\/\/vanessasimon-sagefemme.com\/?s={search_term_string}\"},\"query-input\":\"required name=search_term_string\"}],\"inLanguage\":\"en-US\"},{\"@type\":\"Organization\",\"@id\":\"https:\/\/vanessasimon-sagefemme.com\/#organization\",\"name\":\"Vanessa SIMON\",\"url\":\"https:\/\/vanessasimon-sagefemme.com\/\",\"logo\":{\"@type\":\"ImageObject\",\"inLanguage\":\"en-US\",\"@id\":\"https:\/\/vanessasimon-sagefemme.com\/#\/schema\/logo\/image\/\",\"url\":\"https:\/\/vanessasimon-sagefemme.com\/wp-content\/uploads\/2023\/04\/cropped-cropped-logo-site-internet-2.png\",\"contentUrl\":\"https:\/\/vanessasimon-sagefemme.com\/wp-content\/uploads\/2023\/04\/cropped-cropped-logo-site-internet-2.png\",\"width\":109,\"height\":195,\"caption\":\"Vanessa SIMON\"},\"image\":{\"@id\":\"https:\/\/vanessasimon-sagefemme.com\/#\/schema\/logo\/image\/\"}}]}<\/script>\n<!-- \/ Yoast SEO plugin. -->","yoast_head_json":{"title":"Atelier portage - Vanessa SIMON","robots":{"index":"index","follow":"follow","max-snippet":"max-snippet:-1","max-image-preview":"max-image-preview:large","max-video-preview":"max-video-preview:-1"},"canonical":"https:\/\/vanessasimon-sagefemme.com\/index.php\/ateliers-portage\/","og_locale":"en_US","og_type":"article","og_title":"Atelier portage - Vanessa SIMON","og_description":"Conseill\u00e8re en portage depuis 2016, je vous accueille en groupe en pr\u00e9natal ou en individuel en post-natal pour vous r\u00e9pondre \u00e0 vos interrogations sur le &hellip;","og_url":"https:\/\/vanessasimon-sagefemme.com\/index.php\/ateliers-portage\/","og_site_name":"Vanessa SIMON","article_modified_time":"2023-06-01T20:26:52+00:00","og_image":[{"width":852,"height":330,"url":"https:\/\/vanessasimon-sagefemme.com\/wp-content\/uploads\/2023\/05\/happy-mothers-day-g31ab5ee60_1280-e1683696643461.jpg","type":"image\/jpeg"}],"twitter_card":"summary_large_image","twitter_misc":{"Est. reading time":"2 minutes"},"schema":{"@context":"https:\/\/schema.org","@graph":[{"@type":"WebPage","@id":"https:\/\/vanessasimon-sagefemme.com\/index.php\/ateliers-portage\/","url":"https:\/\/vanessasimon-sagefemme.com\/index.php\/ateliers-portage\/","name":"Atelier portage - Vanessa SIMON","isPartOf":{"@id":"https:\/\/vanessasimon-sagefemme.com\/#website"},"datePublished":"2023-05-10T05:27:30+00:00","dateModified":"2023-06-01T20:26:52+00:00","breadcrumb":{"@id":"https:\/\/vanessasimon-sagefemme.com\/index.php\/ateliers-portage\/#breadcrumb"},"inLanguage":"en-US","potentialAction":[{"@type":"ReadAction","target":["https:\/\/vanessasimon-sagefemme.com\/index.php\/ateliers-portage\/"]}]},{"@type":"BreadcrumbList","@id":"https:\/\/vanessasimon-sagefemme.com\/index.php\/ateliers-portage\/#breadcrumb","itemListElement":[{"@type":"ListItem","position":1,"name":"Accueil","item":"https:\/\/vanessasimon-sagefemme.com\/"},{"@type":"ListItem","position":2,"name":"Atelier portage"}]},{"@type":"WebSite","@id":"https:\/\/vanessasimon-sagefemme.com\/#website","url":"https:\/\/vanessasimon-sagefemme.com\/","name":"Vanessa SIMON","description":"Sage-Femme","publisher":{"@id":"https:\/\/vanessasimon-sagefemme.com\/#organization"},"potentialAction":[{"@type":"SearchAction","target":{"@type":"EntryPoint","urlTemplate":"https:\/\/vanessasimon-sagefemme.com\/?s={search_term_string}"},"query-input":"required name=search_term_string"}],"inLanguage":"en-US"},{"@type":"Organization","@id":"https:\/\/vanessasimon-sagefemme.com\/#organization","name":"Vanessa SIMON","url":"https:\/\/vanessasimon-sagefemme.com\/","logo":{"@type":"ImageObject","inLanguage":"en-US","@id":"https:\/\/vanessasimon-sagefemme.com\/#\/schema\/logo\/image\/","url":"https:\/\/vanessasimon-sagefemme.com\/wp-content\/uploads\/2023\/04\/cropped-cropped-logo-site-internet-2.png","contentUrl":"https:\/\/vanessasimon-sagefemme.com\/wp-content\/uploads\/2023\/04\/cropped-cropped-logo-site-internet-2.png","width":109,"height":195,"caption":"Vanessa SIMON"},"image":{"@id":"https:\/\/vanessasimon-sagefemme.com\/#\/schema\/logo\/image\/"}}]}},"_links":{"self":[{"href":"https:\/\/vanessasimon-sagefemme.com\/index.php\/wp-json\/wp\/v2\/pages\/303","targetHints":{"allow":["GET"]}}],"collection":[{"href":"https:\/\/vanessasimon-sagefemme.com\/index.php\/wp-json\/wp\/v2\/pages"}],"about":[{"href":"https:\/\/vanessasimon-sagefemme.com\/index.php\/wp-json\/wp\/v2\/types\/page"}],"author":[{"embeddable":true,"href":"https:\/\/vanessasimon-sagefemme.com\/index.php\/wp-json\/wp\/v2\/users\/1"}],"replies":[{"embeddable":true,"href":"https:\/\/vanessasimon-sagefemme.com\/index.php\/wp-json\/wp\/v2\/comments?post=303"}],"version-history":[{"count":5,"href":"https:\/\/vanessasimon-sagefemme.com\/index.php\/wp-json\/wp\/v2\/pages\/303\/revisions"}],"predecessor-version":[{"id":524,"href":"https:\/\/vanessasimon-sagefemme.com\/index.php\/wp-json\/wp\/v2\/pages\/303\/revisions\/524"}],"wp:featuredmedia":[{"embeddable":true,"href":"https:\/\/vanessasimon-sagefemme.com\/index.php\/wp-json\/wp\/v2\/media\/305"}],"wp:attachment":[{"href":"https:\/\/vanessasimon-sagefemme.com\/index.php\/wp-json\/wp\/v2\/media?parent=303"}],"curies":[{"name":"wp","href":"https:\/\/api.w.org\/{rel}","templated":true}]}}