{"id":276,"date":"2023-05-04T20:55:29","date_gmt":"2023-05-04T18:55:29","guid":{"rendered":"http:\/\/vanessasimon-sagefemme.com\/?page_id=276"},"modified":"2023-06-08T23:13:39","modified_gmt":"2023-06-08T21:13:39","slug":"informations-pratiques","status":"publish","type":"page","link":"https:\/\/vanessasimon-sagefemme.com\/index.php\/informations-pratiques\/","title":{"rendered":"Informations pratiques"},"content":{"rendered":"\n<p><\/p>\n\n\n\n<p><strong>Le cabinet:<\/strong><\/p>\n\n\n\n<figure class=\"wp-block-gallery has-nested-images columns-default is-cropped wp-block-gallery-1 is-layout-flex wp-block-gallery-is-layout-flex\">\n<figure class=\"wp-block-image size-large\"><img loading=\"lazy\" decoding=\"async\" width=\"576\" height=\"1024\" data-id=\"500\" src=\"http:\/\/vanessasimon-sagefemme.com\/wp-content\/uploads\/2023\/05\/PXL_20230524_172409668-1-576x1024.jpg\" alt=\"\" class=\"wp-image-500\" srcset=\"https:\/\/vanessasimon-sagefemme.com\/wp-content\/uploads\/2023\/05\/PXL_20230524_172409668-1-576x1024.jpg 576w, https:\/\/vanessasimon-sagefemme.com\/wp-content\/uploads\/2023\/05\/PXL_20230524_172409668-1-169x300.jpg 169w, https:\/\/vanessasimon-sagefemme.com\/wp-content\/uploads\/2023\/05\/PXL_20230524_172409668-1-768x1365.jpg 768w, https:\/\/vanessasimon-sagefemme.com\/wp-content\/uploads\/2023\/05\/PXL_20230524_172409668-1-864x1536.jpg 864w, https:\/\/vanessasimon-sagefemme.com\/wp-content\/uploads\/2023\/05\/PXL_20230524_172409668-1-1152x2048.jpg 1152w, https:\/\/vanessasimon-sagefemme.com\/wp-content\/uploads\/2023\/05\/PXL_20230524_172409668-1-34x60.jpg 34w, https:\/\/vanessasimon-sagefemme.com\/wp-content\/uploads\/2023\/05\/PXL_20230524_172409668-1-600x1067.jpg 600w, https:\/\/vanessasimon-sagefemme.com\/wp-content\/uploads\/2023\/05\/PXL_20230524_172409668-1-scaled.jpg 1440w\" sizes=\"auto, (max-width: 576px) 100vw, 576px\" \/><\/figure>\n\n\n\n<figure class=\"wp-block-image size-large\"><img loading=\"lazy\" decoding=\"async\" width=\"576\" height=\"1024\" data-id=\"501\" src=\"http:\/\/vanessasimon-sagefemme.com\/wp-content\/uploads\/2023\/05\/PXL_20230524_172401104-2-576x1024.jpg\" alt=\"\" class=\"wp-image-501\" srcset=\"https:\/\/vanessasimon-sagefemme.com\/wp-content\/uploads\/2023\/05\/PXL_20230524_172401104-2-576x1024.jpg 576w, https:\/\/vanessasimon-sagefemme.com\/wp-content\/uploads\/2023\/05\/PXL_20230524_172401104-2-169x300.jpg 169w, https:\/\/vanessasimon-sagefemme.com\/wp-content\/uploads\/2023\/05\/PXL_20230524_172401104-2-768x1365.jpg 768w, https:\/\/vanessasimon-sagefemme.com\/wp-content\/uploads\/2023\/05\/PXL_20230524_172401104-2-864x1536.jpg 864w, https:\/\/vanessasimon-sagefemme.com\/wp-content\/uploads\/2023\/05\/PXL_20230524_172401104-2-1152x2048.jpg 1152w, https:\/\/vanessasimon-sagefemme.com\/wp-content\/uploads\/2023\/05\/PXL_20230524_172401104-2-34x60.jpg 34w, https:\/\/vanessasimon-sagefemme.com\/wp-content\/uploads\/2023\/05\/PXL_20230524_172401104-2-600x1067.jpg 600w, https:\/\/vanessasimon-sagefemme.com\/wp-content\/uploads\/2023\/05\/PXL_20230524_172401104-2-scaled.jpg 1440w\" sizes=\"auto, (max-width: 576px) 100vw, 576px\" \/><\/figure>\n\n\n\n<figure class=\"wp-block-image size-large\"><img loading=\"lazy\" decoding=\"async\" width=\"1024\" height=\"576\" data-id=\"502\" src=\"http:\/\/vanessasimon-sagefemme.com\/wp-content\/uploads\/2023\/05\/PXL_20230524_172524954-1-1024x576.jpg\" alt=\"\" class=\"wp-image-502\" srcset=\"https:\/\/vanessasimon-sagefemme.com\/wp-content\/uploads\/2023\/05\/PXL_20230524_172524954-1-1024x576.jpg 1024w, https:\/\/vanessasimon-sagefemme.com\/wp-content\/uploads\/2023\/05\/PXL_20230524_172524954-1-300x169.jpg 300w, https:\/\/vanessasimon-sagefemme.com\/wp-content\/uploads\/2023\/05\/PXL_20230524_172524954-1-768x432.jpg 768w, https:\/\/vanessasimon-sagefemme.com\/wp-content\/uploads\/2023\/05\/PXL_20230524_172524954-1-1536x864.jpg 1536w, https:\/\/vanessasimon-sagefemme.com\/wp-content\/uploads\/2023\/05\/PXL_20230524_172524954-1-2048x1152.jpg 2048w, https:\/\/vanessasimon-sagefemme.com\/wp-content\/uploads\/2023\/05\/PXL_20230524_172524954-1-107x60.jpg 107w, https:\/\/vanessasimon-sagefemme.com\/wp-content\/uploads\/2023\/05\/PXL_20230524_172524954-1-600x338.jpg 600w\" sizes=\"auto, (max-width: 1024px) 100vw, 1024px\" \/><\/figure>\n\n\n\n<figure class=\"wp-block-image size-large\"><img loading=\"lazy\" decoding=\"async\" width=\"1024\" height=\"576\" data-id=\"503\" src=\"http:\/\/vanessasimon-sagefemme.com\/wp-content\/uploads\/2023\/05\/PXL_20230524_172601927-2-1024x576.jpg\" alt=\"\" class=\"wp-image-503\" srcset=\"https:\/\/vanessasimon-sagefemme.com\/wp-content\/uploads\/2023\/05\/PXL_20230524_172601927-2-1024x576.jpg 1024w, https:\/\/vanessasimon-sagefemme.com\/wp-content\/uploads\/2023\/05\/PXL_20230524_172601927-2-300x169.jpg 300w, https:\/\/vanessasimon-sagefemme.com\/wp-content\/uploads\/2023\/05\/PXL_20230524_172601927-2-768x432.jpg 768w, https:\/\/vanessasimon-sagefemme.com\/wp-content\/uploads\/2023\/05\/PXL_20230524_172601927-2-1536x864.jpg 1536w, https:\/\/vanessasimon-sagefemme.com\/wp-content\/uploads\/2023\/05\/PXL_20230524_172601927-2-2048x1152.jpg 2048w, https:\/\/vanessasimon-sagefemme.com\/wp-content\/uploads\/2023\/05\/PXL_20230524_172601927-2-107x60.jpg 107w, https:\/\/vanessasimon-sagefemme.com\/wp-content\/uploads\/2023\/05\/PXL_20230524_172601927-2-600x338.jpg 600w\" sizes=\"auto, (max-width: 1024px) 100vw, 1024px\" \/><\/figure>\n\n\n\n<figure class=\"wp-block-image size-large\"><img loading=\"lazy\" decoding=\"async\" width=\"576\" height=\"1024\" data-id=\"497\" src=\"http:\/\/vanessasimon-sagefemme.com\/wp-content\/uploads\/2023\/05\/PXL_20230524_172746325-1-576x1024.jpg\" alt=\"\" class=\"wp-image-497\" srcset=\"https:\/\/vanessasimon-sagefemme.com\/wp-content\/uploads\/2023\/05\/PXL_20230524_172746325-1-576x1024.jpg 576w, https:\/\/vanessasimon-sagefemme.com\/wp-content\/uploads\/2023\/05\/PXL_20230524_172746325-1-169x300.jpg 169w, https:\/\/vanessasimon-sagefemme.com\/wp-content\/uploads\/2023\/05\/PXL_20230524_172746325-1-768x1365.jpg 768w, https:\/\/vanessasimon-sagefemme.com\/wp-content\/uploads\/2023\/05\/PXL_20230524_172746325-1-864x1536.jpg 864w, https:\/\/vanessasimon-sagefemme.com\/wp-content\/uploads\/2023\/05\/PXL_20230524_172746325-1-1152x2048.jpg 1152w, https:\/\/vanessasimon-sagefemme.com\/wp-content\/uploads\/2023\/05\/PXL_20230524_172746325-1-34x60.jpg 34w, https:\/\/vanessasimon-sagefemme.com\/wp-content\/uploads\/2023\/05\/PXL_20230524_172746325-1-600x1067.jpg 600w, https:\/\/vanessasimon-sagefemme.com\/wp-content\/uploads\/2023\/05\/PXL_20230524_172746325-1-scaled.jpg 1440w\" sizes=\"auto, (max-width: 576px) 100vw, 576px\" \/><\/figure>\n\n\n\n<figure class=\"wp-block-image size-large\"><img loading=\"lazy\" decoding=\"async\" width=\"576\" height=\"1024\" data-id=\"495\" src=\"http:\/\/vanessasimon-sagefemme.com\/wp-content\/uploads\/2023\/05\/PXL_20230524_172837535.MP_-576x1024.jpg\" alt=\"\" class=\"wp-image-495\" srcset=\"https:\/\/vanessasimon-sagefemme.com\/wp-content\/uploads\/2023\/05\/PXL_20230524_172837535.MP_-576x1024.jpg 576w, https:\/\/vanessasimon-sagefemme.com\/wp-content\/uploads\/2023\/05\/PXL_20230524_172837535.MP_-169x300.jpg 169w, https:\/\/vanessasimon-sagefemme.com\/wp-content\/uploads\/2023\/05\/PXL_20230524_172837535.MP_-768x1365.jpg 768w, https:\/\/vanessasimon-sagefemme.com\/wp-content\/uploads\/2023\/05\/PXL_20230524_172837535.MP_-864x1536.jpg 864w, https:\/\/vanessasimon-sagefemme.com\/wp-content\/uploads\/2023\/05\/PXL_20230524_172837535.MP_-1152x2048.jpg 1152w, https:\/\/vanessasimon-sagefemme.com\/wp-content\/uploads\/2023\/05\/PXL_20230524_172837535.MP_-34x60.jpg 34w, https:\/\/vanessasimon-sagefemme.com\/wp-content\/uploads\/2023\/05\/PXL_20230524_172837535.MP_-600x1067.jpg 600w, https:\/\/vanessasimon-sagefemme.com\/wp-content\/uploads\/2023\/05\/PXL_20230524_172837535.MP_-scaled.jpg 1440w\" sizes=\"auto, (max-width: 576px) 100vw, 576px\" \/><\/figure>\n<\/figure>\n\n\n\n<p><\/p>\n\n\n\n<p><strong>Adresse du cabinet:<\/strong><\/p>\n\n\n<p><iframe loading=\"lazy\" style=\"border: 0;\" src=\"https:\/\/www.google.com\/maps\/embed?pb=!1m18!1m12!1m3!1d2713.2404727982266!2d-1.524984724929854!3d47.15314451918266!2m3!1f0!2f0!3f0!3m2!1i1024!2i768!4f13.1!3m3!1m2!1s0x4805e925052d46cb%3A0x1c68d66b520f2a9!2sVanessa%20Simon!5e0!3m2!1sfr!2sfr!4v1685835062157!5m2!1sfr!2sfr\" width=\"600\" height=\"450\" allowfullscreen=\"allowfullscreen\"><\/iframe><\/p>\n\n\n<p><strong>Horaires d&#8217;ouverture:<\/strong><\/p>\n\n\n\n<p>Le Lundi de 8h00 \u00e0 16h30<\/p>\n\n\n\n<p>Le Mardi de 9h30 \u00e0 18h30<\/p>\n\n\n\n<p>Le Jeudi de 8h00 \u00e0 16h30<\/p>\n\n\n\n<p>Le Vendredi de 9h30 \u00e0 18h30<\/p>\n\n\n\n<p>N.B: Urgences ou visites \u00e0 domicile possibles sur les autres jours.<\/p>\n\n\n\n<p><strong>Prise de rendez-vous :<\/strong><\/p>\n\n\n\n<p>Les prises de rendez-vous peuvent se faire sur <a href=\"https:\/\/www.rdvsagefemme.com\/a\/vanessa-simon\" target=\"_blank\" rel=\"noreferrer noopener\">www.rdvsagefemme.com<\/a><\/p>\n\n\n\n<p>Concernant les inscriptions pour des ateliers, je vous invite \u00e0 me faire parvenir une demande par mail \u00e0 l&#8217;adresse vanessa.simon.sf@gmail.com<\/p>\n\n\n\n<p><strong>Contact: <\/strong><\/p>\n\n\n\n<p>Je reste joignable au <strong>06.33.86.84.51<\/strong> pour tout renseignement compl\u00e9mentaire.<\/p>\n\n\n\n<p><strong>Naissance \u00e0 domicile:<\/strong><\/p>\n\n\n\n<p>Les naissances \u00e0 domicile ne seront possibles que sur un rayon de 45 min autour du cabinet. <\/p>\n\n\n\n<p><strong>Urgence:<\/strong><\/p>\n\n\n\n<p>En cas d&#8217;urgence rapprochez vous d&#8217;une maternit\u00e9 ou composez le <strong>15<\/strong>.<\/p>\n\n\n\n<p><\/p>\n","protected":false},"excerpt":{"rendered":"<p>Le cabinet: Adresse du cabinet: Horaires d&#8217;ouverture: Le Lundi de 8h00 \u00e0 16h30 Le Mardi de 9h30 \u00e0 18h30 Le Jeudi de 8h00 \u00e0 16h30 &hellip; <\/p>\n","protected":false},"author":1,"featured_media":0,"parent":0,"menu_order":0,"comment_status":"closed","ping_status":"closed","template":"","meta":{"footnotes":""},"class_list":["post-276","page","type-page","status-publish","hentry"],"yoast_head":"<!-- This site is optimized with the Yoast SEO plugin v20.9 - https:\/\/yoast.com\/wordpress\/plugins\/seo\/ -->\n<title>Informations pratiques - Vanessa SIMON<\/title>\n<meta name=\"robots\" content=\"index, follow, max-snippet:-1, max-image-preview:large, max-video-preview:-1\" \/>\n<link rel=\"canonical\" href=\"https:\/\/vanessasimon-sagefemme.com\/index.php\/informations-pratiques\/\" \/>\n<meta property=\"og:locale\" content=\"en_US\" \/>\n<meta property=\"og:type\" content=\"article\" \/>\n<meta property=\"og:title\" content=\"Informations pratiques - Vanessa SIMON\" \/>\n<meta property=\"og:description\" content=\"Le cabinet: Adresse du cabinet: Horaires d&#8217;ouverture: Le Lundi de 8h00 \u00e0 16h30 Le Mardi de 9h30 \u00e0 18h30 Le Jeudi de 8h00 \u00e0 16h30 &hellip;\" \/>\n<meta property=\"og:url\" content=\"https:\/\/vanessasimon-sagefemme.com\/index.php\/informations-pratiques\/\" \/>\n<meta property=\"og:site_name\" content=\"Vanessa SIMON\" \/>\n<meta property=\"article:modified_time\" content=\"2023-06-08T21:13:39+00:00\" \/>\n<meta property=\"og:image\" content=\"http:\/\/vanessasimon-sagefemme.com\/wp-content\/uploads\/2023\/05\/PXL_20230524_172409668-1-576x1024.jpg\" \/>\n<meta name=\"twitter:card\" content=\"summary_large_image\" \/>\n<meta name=\"twitter:label1\" content=\"Est. reading time\" \/>\n\t<meta name=\"twitter:data1\" content=\"2 minutes\" \/>\n<script type=\"application\/ld+json\" class=\"yoast-schema-graph\">{\"@context\":\"https:\/\/schema.org\",\"@graph\":[{\"@type\":\"WebPage\",\"@id\":\"https:\/\/vanessasimon-sagefemme.com\/index.php\/informations-pratiques\/\",\"url\":\"https:\/\/vanessasimon-sagefemme.com\/index.php\/informations-pratiques\/\",\"name\":\"Informations pratiques - Vanessa SIMON\",\"isPartOf\":{\"@id\":\"https:\/\/vanessasimon-sagefemme.com\/#website\"},\"datePublished\":\"2023-05-04T18:55:29+00:00\",\"dateModified\":\"2023-06-08T21:13:39+00:00\",\"breadcrumb\":{\"@id\":\"https:\/\/vanessasimon-sagefemme.com\/index.php\/informations-pratiques\/#breadcrumb\"},\"inLanguage\":\"en-US\",\"potentialAction\":[{\"@type\":\"ReadAction\",\"target\":[\"https:\/\/vanessasimon-sagefemme.com\/index.php\/informations-pratiques\/\"]}]},{\"@type\":\"BreadcrumbList\",\"@id\":\"https:\/\/vanessasimon-sagefemme.com\/index.php\/informations-pratiques\/#breadcrumb\",\"itemListElement\":[{\"@type\":\"ListItem\",\"position\":1,\"name\":\"Accueil\",\"item\":\"https:\/\/vanessasimon-sagefemme.com\/\"},{\"@type\":\"ListItem\",\"position\":2,\"name\":\"Informations pratiques\"}]},{\"@type\":\"WebSite\",\"@id\":\"https:\/\/vanessasimon-sagefemme.com\/#website\",\"url\":\"https:\/\/vanessasimon-sagefemme.com\/\",\"name\":\"Vanessa SIMON\",\"description\":\"Sage-Femme\",\"publisher\":{\"@id\":\"https:\/\/vanessasimon-sagefemme.com\/#organization\"},\"potentialAction\":[{\"@type\":\"SearchAction\",\"target\":{\"@type\":\"EntryPoint\",\"urlTemplate\":\"https:\/\/vanessasimon-sagefemme.com\/?s={search_term_string}\"},\"query-input\":\"required name=search_term_string\"}],\"inLanguage\":\"en-US\"},{\"@type\":\"Organization\",\"@id\":\"https:\/\/vanessasimon-sagefemme.com\/#organization\",\"name\":\"Vanessa SIMON\",\"url\":\"https:\/\/vanessasimon-sagefemme.com\/\",\"logo\":{\"@type\":\"ImageObject\",\"inLanguage\":\"en-US\",\"@id\":\"https:\/\/vanessasimon-sagefemme.com\/#\/schema\/logo\/image\/\",\"url\":\"https:\/\/vanessasimon-sagefemme.com\/wp-content\/uploads\/2023\/04\/cropped-cropped-logo-site-internet-2.png\",\"contentUrl\":\"https:\/\/vanessasimon-sagefemme.com\/wp-content\/uploads\/2023\/04\/cropped-cropped-logo-site-internet-2.png\",\"width\":109,\"height\":195,\"caption\":\"Vanessa SIMON\"},\"image\":{\"@id\":\"https:\/\/vanessasimon-sagefemme.com\/#\/schema\/logo\/image\/\"}}]}<\/script>\n<!-- \/ Yoast SEO plugin. -->","yoast_head_json":{"title":"Informations pratiques - Vanessa SIMON","robots":{"index":"index","follow":"follow","max-snippet":"max-snippet:-1","max-image-preview":"max-image-preview:large","max-video-preview":"max-video-preview:-1"},"canonical":"https:\/\/vanessasimon-sagefemme.com\/index.php\/informations-pratiques\/","og_locale":"en_US","og_type":"article","og_title":"Informations pratiques - Vanessa SIMON","og_description":"Le cabinet: Adresse du cabinet: Horaires d&#8217;ouverture: Le Lundi de 8h00 \u00e0 16h30 Le Mardi de 9h30 \u00e0 18h30 Le Jeudi de 8h00 \u00e0 16h30 &hellip;","og_url":"https:\/\/vanessasimon-sagefemme.com\/index.php\/informations-pratiques\/","og_site_name":"Vanessa SIMON","article_modified_time":"2023-06-08T21:13:39+00:00","og_image":[{"url":"http:\/\/vanessasimon-sagefemme.com\/wp-content\/uploads\/2023\/05\/PXL_20230524_172409668-1-576x1024.jpg"}],"twitter_card":"summary_large_image","twitter_misc":{"Est. reading time":"2 minutes"},"schema":{"@context":"https:\/\/schema.org","@graph":[{"@type":"WebPage","@id":"https:\/\/vanessasimon-sagefemme.com\/index.php\/informations-pratiques\/","url":"https:\/\/vanessasimon-sagefemme.com\/index.php\/informations-pratiques\/","name":"Informations pratiques - Vanessa SIMON","isPartOf":{"@id":"https:\/\/vanessasimon-sagefemme.com\/#website"},"datePublished":"2023-05-04T18:55:29+00:00","dateModified":"2023-06-08T21:13:39+00:00","breadcrumb":{"@id":"https:\/\/vanessasimon-sagefemme.com\/index.php\/informations-pratiques\/#breadcrumb"},"inLanguage":"en-US","potentialAction":[{"@type":"ReadAction","target":["https:\/\/vanessasimon-sagefemme.com\/index.php\/informations-pratiques\/"]}]},{"@type":"BreadcrumbList","@id":"https:\/\/vanessasimon-sagefemme.com\/index.php\/informations-pratiques\/#breadcrumb","itemListElement":[{"@type":"ListItem","position":1,"name":"Accueil","item":"https:\/\/vanessasimon-sagefemme.com\/"},{"@type":"ListItem","position":2,"name":"Informations pratiques"}]},{"@type":"WebSite","@id":"https:\/\/vanessasimon-sagefemme.com\/#website","url":"https:\/\/vanessasimon-sagefemme.com\/","name":"Vanessa SIMON","description":"Sage-Femme","publisher":{"@id":"https:\/\/vanessasimon-sagefemme.com\/#organization"},"potentialAction":[{"@type":"SearchAction","target":{"@type":"EntryPoint","urlTemplate":"https:\/\/vanessasimon-sagefemme.com\/?s={search_term_string}"},"query-input":"required name=search_term_string"}],"inLanguage":"en-US"},{"@type":"Organization","@id":"https:\/\/vanessasimon-sagefemme.com\/#organization","name":"Vanessa SIMON","url":"https:\/\/vanessasimon-sagefemme.com\/","logo":{"@type":"ImageObject","inLanguage":"en-US","@id":"https:\/\/vanessasimon-sagefemme.com\/#\/schema\/logo\/image\/","url":"https:\/\/vanessasimon-sagefemme.com\/wp-content\/uploads\/2023\/04\/cropped-cropped-logo-site-internet-2.png","contentUrl":"https:\/\/vanessasimon-sagefemme.com\/wp-content\/uploads\/2023\/04\/cropped-cropped-logo-site-internet-2.png","width":109,"height":195,"caption":"Vanessa SIMON"},"image":{"@id":"https:\/\/vanessasimon-sagefemme.com\/#\/schema\/logo\/image\/"}}]}},"_links":{"self":[{"href":"https:\/\/vanessasimon-sagefemme.com\/index.php\/wp-json\/wp\/v2\/pages\/276","targetHints":{"allow":["GET"]}}],"collection":[{"href":"https:\/\/vanessasimon-sagefemme.com\/index.php\/wp-json\/wp\/v2\/pages"}],"about":[{"href":"https:\/\/vanessasimon-sagefemme.com\/index.php\/wp-json\/wp\/v2\/types\/page"}],"author":[{"embeddable":true,"href":"https:\/\/vanessasimon-sagefemme.com\/index.php\/wp-json\/wp\/v2\/users\/1"}],"replies":[{"embeddable":true,"href":"https:\/\/vanessasimon-sagefemme.com\/index.php\/wp-json\/wp\/v2\/comments?post=276"}],"version-history":[{"count":14,"href":"https:\/\/vanessasimon-sagefemme.com\/index.php\/wp-json\/wp\/v2\/pages\/276\/revisions"}],"predecessor-version":[{"id":665,"href":"https:\/\/vanessasimon-sagefemme.com\/index.php\/wp-json\/wp\/v2\/pages\/276\/revisions\/665"}],"wp:attachment":[{"href":"https:\/\/vanessasimon-sagefemme.com\/index.php\/wp-json\/wp\/v2\/media?parent=276"}],"curies":[{"name":"wp","href":"https:\/\/api.w.org\/{rel}","templated":true}]}}