{"id":261,"date":"2023-04-29T08:13:39","date_gmt":"2023-04-29T06:13:39","guid":{"rendered":"http:\/\/vanessasimon-sagefemme.com\/?page_id=261"},"modified":"2023-05-24T23:08:38","modified_gmt":"2023-05-24T21:08:38","slug":"suivi-specialise","status":"publish","type":"page","link":"https:\/\/vanessasimon-sagefemme.com\/index.php\/suivi-specialise\/","title":{"rendered":"Suivi sp\u00e9cialis\u00e9"},"content":{"rendered":"\n<p>Il est possible que votre gyn\u00e9cologue demande un suivi sp\u00e9cialis\u00e9 de votre grossesse, avec surveillance du b\u00e9b\u00e9 par monitoring. Plusieurs raisons peuvent motiver ce suivi, en particulier, des contractions trop t\u00f4t, un b\u00e9b\u00e9 petit, une complication de grossesse telle hypertension ou diab\u00e8te et bien d&#8217;autres&#8230;<\/p>\n\n\n\n<p>La sage-femme se d\u00e9place alors \u00e0 votre domicile sur prescription m\u00e9dicale. <\/p>\n\n\n\n<p>Le but est d&#8217;avoir un regard plus proche sur l&#8217;\u00e9volution de votre grossesse et le bien \u00eatre du futur b\u00e9b\u00e9, refl\u00e9t\u00e9 par sa r\u00e9activit\u00e9 au monitoring: appareil qui retrace les \u00e9volutions du rythme cardiaque f\u0153tal le temps d&#8217;une \u00e9coute d&#8217;environ 30min. <\/p>\n\n\n\n<p>C&#8217;est l&#8217;occasion d&#8217;exprimer son v\u00e9cu, ses craintes parfois, d&#8217;avoir une \u00e9coute et des conseils, et se sentir accompagn\u00e9e et soutenue.<\/p>\n\n\n","protected":false},"excerpt":{"rendered":"<p>Il est possible que votre gyn\u00e9cologue demande un suivi sp\u00e9cialis\u00e9 de votre grossesse, avec surveillance du b\u00e9b\u00e9 par monitoring. Plusieurs raisons peuvent motiver ce suivi, &hellip; <\/p>\n","protected":false},"author":1,"featured_media":0,"parent":0,"menu_order":0,"comment_status":"closed","ping_status":"closed","template":"","meta":{"footnotes":""},"class_list":["post-261","page","type-page","status-publish","hentry"],"yoast_head":"<!-- This site is optimized with the Yoast SEO plugin v20.9 - https:\/\/yoast.com\/wordpress\/plugins\/seo\/ -->\n<title>Suivi sp\u00e9cialis\u00e9 - Vanessa SIMON<\/title>\n<meta name=\"robots\" content=\"index, follow, max-snippet:-1, max-image-preview:large, max-video-preview:-1\" \/>\n<link rel=\"canonical\" href=\"https:\/\/vanessasimon-sagefemme.com\/index.php\/suivi-specialise\/\" \/>\n<meta property=\"og:locale\" content=\"en_US\" \/>\n<meta property=\"og:type\" content=\"article\" \/>\n<meta property=\"og:title\" content=\"Suivi sp\u00e9cialis\u00e9 - Vanessa SIMON\" \/>\n<meta property=\"og:description\" content=\"Il est possible que votre gyn\u00e9cologue demande un suivi sp\u00e9cialis\u00e9 de votre grossesse, avec surveillance du b\u00e9b\u00e9 par monitoring. Plusieurs raisons peuvent motiver ce suivi, &hellip;\" \/>\n<meta property=\"og:url\" content=\"https:\/\/vanessasimon-sagefemme.com\/index.php\/suivi-specialise\/\" \/>\n<meta property=\"og:site_name\" content=\"Vanessa SIMON\" \/>\n<meta property=\"article:modified_time\" content=\"2023-05-24T21:08:38+00:00\" \/>\n<meta name=\"twitter:card\" content=\"summary_large_image\" \/>\n<meta name=\"twitter:label1\" content=\"Est. reading time\" \/>\n\t<meta name=\"twitter:data1\" content=\"1 minute\" \/>\n<script type=\"application\/ld+json\" class=\"yoast-schema-graph\">{\"@context\":\"https:\/\/schema.org\",\"@graph\":[{\"@type\":\"WebPage\",\"@id\":\"https:\/\/vanessasimon-sagefemme.com\/index.php\/suivi-specialise\/\",\"url\":\"https:\/\/vanessasimon-sagefemme.com\/index.php\/suivi-specialise\/\",\"name\":\"Suivi sp\u00e9cialis\u00e9 - Vanessa SIMON\",\"isPartOf\":{\"@id\":\"https:\/\/vanessasimon-sagefemme.com\/#website\"},\"datePublished\":\"2023-04-29T06:13:39+00:00\",\"dateModified\":\"2023-05-24T21:08:38+00:00\",\"breadcrumb\":{\"@id\":\"https:\/\/vanessasimon-sagefemme.com\/index.php\/suivi-specialise\/#breadcrumb\"},\"inLanguage\":\"en-US\",\"potentialAction\":[{\"@type\":\"ReadAction\",\"target\":[\"https:\/\/vanessasimon-sagefemme.com\/index.php\/suivi-specialise\/\"]}]},{\"@type\":\"BreadcrumbList\",\"@id\":\"https:\/\/vanessasimon-sagefemme.com\/index.php\/suivi-specialise\/#breadcrumb\",\"itemListElement\":[{\"@type\":\"ListItem\",\"position\":1,\"name\":\"Accueil\",\"item\":\"https:\/\/vanessasimon-sagefemme.com\/\"},{\"@type\":\"ListItem\",\"position\":2,\"name\":\"Suivi sp\u00e9cialis\u00e9\"}]},{\"@type\":\"WebSite\",\"@id\":\"https:\/\/vanessasimon-sagefemme.com\/#website\",\"url\":\"https:\/\/vanessasimon-sagefemme.com\/\",\"name\":\"Vanessa SIMON\",\"description\":\"Sage-Femme\",\"publisher\":{\"@id\":\"https:\/\/vanessasimon-sagefemme.com\/#organization\"},\"potentialAction\":[{\"@type\":\"SearchAction\",\"target\":{\"@type\":\"EntryPoint\",\"urlTemplate\":\"https:\/\/vanessasimon-sagefemme.com\/?s={search_term_string}\"},\"query-input\":\"required name=search_term_string\"}],\"inLanguage\":\"en-US\"},{\"@type\":\"Organization\",\"@id\":\"https:\/\/vanessasimon-sagefemme.com\/#organization\",\"name\":\"Vanessa SIMON\",\"url\":\"https:\/\/vanessasimon-sagefemme.com\/\",\"logo\":{\"@type\":\"ImageObject\",\"inLanguage\":\"en-US\",\"@id\":\"https:\/\/vanessasimon-sagefemme.com\/#\/schema\/logo\/image\/\",\"url\":\"https:\/\/vanessasimon-sagefemme.com\/wp-content\/uploads\/2023\/04\/cropped-cropped-logo-site-internet-2.png\",\"contentUrl\":\"https:\/\/vanessasimon-sagefemme.com\/wp-content\/uploads\/2023\/04\/cropped-cropped-logo-site-internet-2.png\",\"width\":109,\"height\":195,\"caption\":\"Vanessa SIMON\"},\"image\":{\"@id\":\"https:\/\/vanessasimon-sagefemme.com\/#\/schema\/logo\/image\/\"}}]}<\/script>\n<!-- \/ Yoast SEO plugin. -->","yoast_head_json":{"title":"Suivi sp\u00e9cialis\u00e9 - Vanessa SIMON","robots":{"index":"index","follow":"follow","max-snippet":"max-snippet:-1","max-image-preview":"max-image-preview:large","max-video-preview":"max-video-preview:-1"},"canonical":"https:\/\/vanessasimon-sagefemme.com\/index.php\/suivi-specialise\/","og_locale":"en_US","og_type":"article","og_title":"Suivi sp\u00e9cialis\u00e9 - Vanessa SIMON","og_description":"Il est possible que votre gyn\u00e9cologue demande un suivi sp\u00e9cialis\u00e9 de votre grossesse, avec surveillance du b\u00e9b\u00e9 par monitoring. Plusieurs raisons peuvent motiver ce suivi, &hellip;","og_url":"https:\/\/vanessasimon-sagefemme.com\/index.php\/suivi-specialise\/","og_site_name":"Vanessa SIMON","article_modified_time":"2023-05-24T21:08:38+00:00","twitter_card":"summary_large_image","twitter_misc":{"Est. reading time":"1 minute"},"schema":{"@context":"https:\/\/schema.org","@graph":[{"@type":"WebPage","@id":"https:\/\/vanessasimon-sagefemme.com\/index.php\/suivi-specialise\/","url":"https:\/\/vanessasimon-sagefemme.com\/index.php\/suivi-specialise\/","name":"Suivi sp\u00e9cialis\u00e9 - Vanessa SIMON","isPartOf":{"@id":"https:\/\/vanessasimon-sagefemme.com\/#website"},"datePublished":"2023-04-29T06:13:39+00:00","dateModified":"2023-05-24T21:08:38+00:00","breadcrumb":{"@id":"https:\/\/vanessasimon-sagefemme.com\/index.php\/suivi-specialise\/#breadcrumb"},"inLanguage":"en-US","potentialAction":[{"@type":"ReadAction","target":["https:\/\/vanessasimon-sagefemme.com\/index.php\/suivi-specialise\/"]}]},{"@type":"BreadcrumbList","@id":"https:\/\/vanessasimon-sagefemme.com\/index.php\/suivi-specialise\/#breadcrumb","itemListElement":[{"@type":"ListItem","position":1,"name":"Accueil","item":"https:\/\/vanessasimon-sagefemme.com\/"},{"@type":"ListItem","position":2,"name":"Suivi sp\u00e9cialis\u00e9"}]},{"@type":"WebSite","@id":"https:\/\/vanessasimon-sagefemme.com\/#website","url":"https:\/\/vanessasimon-sagefemme.com\/","name":"Vanessa SIMON","description":"Sage-Femme","publisher":{"@id":"https:\/\/vanessasimon-sagefemme.com\/#organization"},"potentialAction":[{"@type":"SearchAction","target":{"@type":"EntryPoint","urlTemplate":"https:\/\/vanessasimon-sagefemme.com\/?s={search_term_string}"},"query-input":"required name=search_term_string"}],"inLanguage":"en-US"},{"@type":"Organization","@id":"https:\/\/vanessasimon-sagefemme.com\/#organization","name":"Vanessa SIMON","url":"https:\/\/vanessasimon-sagefemme.com\/","logo":{"@type":"ImageObject","inLanguage":"en-US","@id":"https:\/\/vanessasimon-sagefemme.com\/#\/schema\/logo\/image\/","url":"https:\/\/vanessasimon-sagefemme.com\/wp-content\/uploads\/2023\/04\/cropped-cropped-logo-site-internet-2.png","contentUrl":"https:\/\/vanessasimon-sagefemme.com\/wp-content\/uploads\/2023\/04\/cropped-cropped-logo-site-internet-2.png","width":109,"height":195,"caption":"Vanessa SIMON"},"image":{"@id":"https:\/\/vanessasimon-sagefemme.com\/#\/schema\/logo\/image\/"}}]}},"_links":{"self":[{"href":"https:\/\/vanessasimon-sagefemme.com\/index.php\/wp-json\/wp\/v2\/pages\/261","targetHints":{"allow":["GET"]}}],"collection":[{"href":"https:\/\/vanessasimon-sagefemme.com\/index.php\/wp-json\/wp\/v2\/pages"}],"about":[{"href":"https:\/\/vanessasimon-sagefemme.com\/index.php\/wp-json\/wp\/v2\/types\/page"}],"author":[{"embeddable":true,"href":"https:\/\/vanessasimon-sagefemme.com\/index.php\/wp-json\/wp\/v2\/users\/1"}],"replies":[{"embeddable":true,"href":"https:\/\/vanessasimon-sagefemme.com\/index.php\/wp-json\/wp\/v2\/comments?post=261"}],"version-history":[{"count":2,"href":"https:\/\/vanessasimon-sagefemme.com\/index.php\/wp-json\/wp\/v2\/pages\/261\/revisions"}],"predecessor-version":[{"id":425,"href":"https:\/\/vanessasimon-sagefemme.com\/index.php\/wp-json\/wp\/v2\/pages\/261\/revisions\/425"}],"wp:attachment":[{"href":"https:\/\/vanessasimon-sagefemme.com\/index.php\/wp-json\/wp\/v2\/media?parent=261"}],"curies":[{"name":"wp","href":"https:\/\/api.w.org\/{rel}","templated":true}]}}