{"id":233,"date":"2023-04-29T06:43:22","date_gmt":"2023-04-29T04:43:22","guid":{"rendered":"http:\/\/vanessasimon-sagefemme.com\/?page_id=233"},"modified":"2023-06-10T22:24:12","modified_gmt":"2023-06-10T20:24:12","slug":"atelier-portage-avec-bebe","status":"publish","type":"page","link":"https:\/\/vanessasimon-sagefemme.com\/index.php\/atelier-portage-avec-bebe\/","title":{"rendered":"Atelier parents -b\u00e9b\u00e9"},"content":{"rendered":"\n<ul class=\"wp-block-list\">\n<li><strong>Atelier portage<\/strong><\/li>\n<\/ul>\n\n\n\n<p>En post-natal, je peux vous retrouver \u00e0 l&#8217;occasion d&#8217;une s\u00e9ance individuelle avec votre enfant afin de montrer, am\u00e9liorer, soutenir les d\u00e9buts du portage. Parfois certains parents \/ b\u00e9b\u00e9s \u00e9prouvent plus de difficult\u00e9s \u00e0 s&#8217;accorder et un avis professionnel peut aider les premi\u00e8res \u00e9tapes !<\/p>\n\n\n\n<p>C&#8217;est aussi la possibilit\u00e9 d&#8217;apprendre le portage au dos, pour d&#8217;autres d\u00e9couvertes \u00e0 deux ^^<\/p>\n\n\n\n<p>Et pourquoi pas avec une nounou ou une grand-m\u00e8re?<\/p>\n\n\n\n<p>L&#8217;<a href=\"http:\/\/vanessasimon-sagefemme.com\/index.php\/ateliers-portage\/\">atelier portage<\/a> est aussi possible au cours de la grossesse pour anticiper le mode de portage souhait\u00e9.<\/p>\n\n\n\n<p><\/p>\n\n\n\n<ul class=\"wp-block-list\">\n<li><strong>Atelier parentalit\u00e9<\/strong><\/li>\n<\/ul>\n\n\n\n<p>Un temps d&#8217;\u00e9change, de rencontre, de communication entre jeunes parents, de 1h30.<\/p>\n\n\n\n<p>Comment vivez vous chacun votre parentalit\u00e9? comment faites vous face aux difficult\u00e9s parfois rencontr\u00e9es? <\/p>\n\n\n\n<p>Chacun vient avec son v\u00e9cu, ses exp\u00e9riences, ses \u00e9motions, son ressenti et re\u00e7oit \u00e9coute et bienveillance.<\/p>\n","protected":false},"excerpt":{"rendered":"<p>En post-natal, je peux vous retrouver \u00e0 l&#8217;occasion d&#8217;une s\u00e9ance individuelle avec votre enfant afin de montrer, am\u00e9liorer, soutenir les d\u00e9buts du portage. Parfois certains &hellip; <\/p>\n","protected":false},"author":1,"featured_media":0,"parent":0,"menu_order":0,"comment_status":"open","ping_status":"closed","template":"","meta":{"footnotes":""},"class_list":["post-233","page","type-page","status-publish","hentry"],"yoast_head":"<!-- This site is optimized with the Yoast SEO plugin v20.9 - https:\/\/yoast.com\/wordpress\/plugins\/seo\/ -->\n<title>Atelier parents -b\u00e9b\u00e9 - Vanessa SIMON<\/title>\n<meta name=\"robots\" content=\"index, follow, max-snippet:-1, max-image-preview:large, max-video-preview:-1\" \/>\n<link rel=\"canonical\" href=\"https:\/\/vanessasimon-sagefemme.com\/index.php\/atelier-portage-avec-bebe\/\" \/>\n<meta property=\"og:locale\" content=\"en_US\" \/>\n<meta property=\"og:type\" content=\"article\" \/>\n<meta property=\"og:title\" content=\"Atelier parents -b\u00e9b\u00e9 - Vanessa SIMON\" \/>\n<meta property=\"og:description\" content=\"En post-natal, je peux vous retrouver \u00e0 l&#8217;occasion d&#8217;une s\u00e9ance individuelle avec votre enfant afin de montrer, am\u00e9liorer, soutenir les d\u00e9buts du portage. Parfois certains &hellip;\" \/>\n<meta property=\"og:url\" content=\"https:\/\/vanessasimon-sagefemme.com\/index.php\/atelier-portage-avec-bebe\/\" \/>\n<meta property=\"og:site_name\" content=\"Vanessa SIMON\" \/>\n<meta property=\"article:modified_time\" content=\"2023-06-10T20:24:12+00:00\" \/>\n<meta name=\"twitter:card\" content=\"summary_large_image\" \/>\n<meta name=\"twitter:label1\" content=\"Est. reading time\" \/>\n\t<meta name=\"twitter:data1\" content=\"1 minute\" \/>\n<script type=\"application\/ld+json\" class=\"yoast-schema-graph\">{\"@context\":\"https:\/\/schema.org\",\"@graph\":[{\"@type\":\"WebPage\",\"@id\":\"https:\/\/vanessasimon-sagefemme.com\/index.php\/atelier-portage-avec-bebe\/\",\"url\":\"https:\/\/vanessasimon-sagefemme.com\/index.php\/atelier-portage-avec-bebe\/\",\"name\":\"Atelier parents -b\u00e9b\u00e9 - Vanessa SIMON\",\"isPartOf\":{\"@id\":\"https:\/\/vanessasimon-sagefemme.com\/#website\"},\"datePublished\":\"2023-04-29T04:43:22+00:00\",\"dateModified\":\"2023-06-10T20:24:12+00:00\",\"breadcrumb\":{\"@id\":\"https:\/\/vanessasimon-sagefemme.com\/index.php\/atelier-portage-avec-bebe\/#breadcrumb\"},\"inLanguage\":\"en-US\",\"potentialAction\":[{\"@type\":\"ReadAction\",\"target\":[\"https:\/\/vanessasimon-sagefemme.com\/index.php\/atelier-portage-avec-bebe\/\"]}]},{\"@type\":\"BreadcrumbList\",\"@id\":\"https:\/\/vanessasimon-sagefemme.com\/index.php\/atelier-portage-avec-bebe\/#breadcrumb\",\"itemListElement\":[{\"@type\":\"ListItem\",\"position\":1,\"name\":\"Accueil\",\"item\":\"https:\/\/vanessasimon-sagefemme.com\/\"},{\"@type\":\"ListItem\",\"position\":2,\"name\":\"Atelier parents -b\u00e9b\u00e9\"}]},{\"@type\":\"WebSite\",\"@id\":\"https:\/\/vanessasimon-sagefemme.com\/#website\",\"url\":\"https:\/\/vanessasimon-sagefemme.com\/\",\"name\":\"Vanessa SIMON\",\"description\":\"Sage-Femme\",\"publisher\":{\"@id\":\"https:\/\/vanessasimon-sagefemme.com\/#organization\"},\"potentialAction\":[{\"@type\":\"SearchAction\",\"target\":{\"@type\":\"EntryPoint\",\"urlTemplate\":\"https:\/\/vanessasimon-sagefemme.com\/?s={search_term_string}\"},\"query-input\":\"required name=search_term_string\"}],\"inLanguage\":\"en-US\"},{\"@type\":\"Organization\",\"@id\":\"https:\/\/vanessasimon-sagefemme.com\/#organization\",\"name\":\"Vanessa SIMON\",\"url\":\"https:\/\/vanessasimon-sagefemme.com\/\",\"logo\":{\"@type\":\"ImageObject\",\"inLanguage\":\"en-US\",\"@id\":\"https:\/\/vanessasimon-sagefemme.com\/#\/schema\/logo\/image\/\",\"url\":\"https:\/\/vanessasimon-sagefemme.com\/wp-content\/uploads\/2023\/04\/cropped-cropped-logo-site-internet-2.png\",\"contentUrl\":\"https:\/\/vanessasimon-sagefemme.com\/wp-content\/uploads\/2023\/04\/cropped-cropped-logo-site-internet-2.png\",\"width\":109,\"height\":195,\"caption\":\"Vanessa SIMON\"},\"image\":{\"@id\":\"https:\/\/vanessasimon-sagefemme.com\/#\/schema\/logo\/image\/\"}}]}<\/script>\n<!-- \/ Yoast SEO plugin. -->","yoast_head_json":{"title":"Atelier parents -b\u00e9b\u00e9 - Vanessa SIMON","robots":{"index":"index","follow":"follow","max-snippet":"max-snippet:-1","max-image-preview":"max-image-preview:large","max-video-preview":"max-video-preview:-1"},"canonical":"https:\/\/vanessasimon-sagefemme.com\/index.php\/atelier-portage-avec-bebe\/","og_locale":"en_US","og_type":"article","og_title":"Atelier parents -b\u00e9b\u00e9 - Vanessa SIMON","og_description":"En post-natal, je peux vous retrouver \u00e0 l&#8217;occasion d&#8217;une s\u00e9ance individuelle avec votre enfant afin de montrer, am\u00e9liorer, soutenir les d\u00e9buts du portage. Parfois certains &hellip;","og_url":"https:\/\/vanessasimon-sagefemme.com\/index.php\/atelier-portage-avec-bebe\/","og_site_name":"Vanessa SIMON","article_modified_time":"2023-06-10T20:24:12+00:00","twitter_card":"summary_large_image","twitter_misc":{"Est. reading time":"1 minute"},"schema":{"@context":"https:\/\/schema.org","@graph":[{"@type":"WebPage","@id":"https:\/\/vanessasimon-sagefemme.com\/index.php\/atelier-portage-avec-bebe\/","url":"https:\/\/vanessasimon-sagefemme.com\/index.php\/atelier-portage-avec-bebe\/","name":"Atelier parents -b\u00e9b\u00e9 - Vanessa SIMON","isPartOf":{"@id":"https:\/\/vanessasimon-sagefemme.com\/#website"},"datePublished":"2023-04-29T04:43:22+00:00","dateModified":"2023-06-10T20:24:12+00:00","breadcrumb":{"@id":"https:\/\/vanessasimon-sagefemme.com\/index.php\/atelier-portage-avec-bebe\/#breadcrumb"},"inLanguage":"en-US","potentialAction":[{"@type":"ReadAction","target":["https:\/\/vanessasimon-sagefemme.com\/index.php\/atelier-portage-avec-bebe\/"]}]},{"@type":"BreadcrumbList","@id":"https:\/\/vanessasimon-sagefemme.com\/index.php\/atelier-portage-avec-bebe\/#breadcrumb","itemListElement":[{"@type":"ListItem","position":1,"name":"Accueil","item":"https:\/\/vanessasimon-sagefemme.com\/"},{"@type":"ListItem","position":2,"name":"Atelier parents -b\u00e9b\u00e9"}]},{"@type":"WebSite","@id":"https:\/\/vanessasimon-sagefemme.com\/#website","url":"https:\/\/vanessasimon-sagefemme.com\/","name":"Vanessa SIMON","description":"Sage-Femme","publisher":{"@id":"https:\/\/vanessasimon-sagefemme.com\/#organization"},"potentialAction":[{"@type":"SearchAction","target":{"@type":"EntryPoint","urlTemplate":"https:\/\/vanessasimon-sagefemme.com\/?s={search_term_string}"},"query-input":"required name=search_term_string"}],"inLanguage":"en-US"},{"@type":"Organization","@id":"https:\/\/vanessasimon-sagefemme.com\/#organization","name":"Vanessa SIMON","url":"https:\/\/vanessasimon-sagefemme.com\/","logo":{"@type":"ImageObject","inLanguage":"en-US","@id":"https:\/\/vanessasimon-sagefemme.com\/#\/schema\/logo\/image\/","url":"https:\/\/vanessasimon-sagefemme.com\/wp-content\/uploads\/2023\/04\/cropped-cropped-logo-site-internet-2.png","contentUrl":"https:\/\/vanessasimon-sagefemme.com\/wp-content\/uploads\/2023\/04\/cropped-cropped-logo-site-internet-2.png","width":109,"height":195,"caption":"Vanessa SIMON"},"image":{"@id":"https:\/\/vanessasimon-sagefemme.com\/#\/schema\/logo\/image\/"}}]}},"_links":{"self":[{"href":"https:\/\/vanessasimon-sagefemme.com\/index.php\/wp-json\/wp\/v2\/pages\/233","targetHints":{"allow":["GET"]}}],"collection":[{"href":"https:\/\/vanessasimon-sagefemme.com\/index.php\/wp-json\/wp\/v2\/pages"}],"about":[{"href":"https:\/\/vanessasimon-sagefemme.com\/index.php\/wp-json\/wp\/v2\/types\/page"}],"author":[{"embeddable":true,"href":"https:\/\/vanessasimon-sagefemme.com\/index.php\/wp-json\/wp\/v2\/users\/1"}],"replies":[{"embeddable":true,"href":"https:\/\/vanessasimon-sagefemme.com\/index.php\/wp-json\/wp\/v2\/comments?post=233"}],"version-history":[{"count":4,"href":"https:\/\/vanessasimon-sagefemme.com\/index.php\/wp-json\/wp\/v2\/pages\/233\/revisions"}],"predecessor-version":[{"id":477,"href":"https:\/\/vanessasimon-sagefemme.com\/index.php\/wp-json\/wp\/v2\/pages\/233\/revisions\/477"}],"wp:attachment":[{"href":"https:\/\/vanessasimon-sagefemme.com\/index.php\/wp-json\/wp\/v2\/media?parent=233"}],"curies":[{"name":"wp","href":"https:\/\/api.w.org\/{rel}","templated":true}]}}