{"id":175,"date":"2023-04-18T23:01:42","date_gmt":"2023-04-18T21:01:42","guid":{"rendered":"http:\/\/vanessasimon-sagefemme.com\/?page_id=175"},"modified":"2023-10-10T16:56:24","modified_gmt":"2023-10-10T14:56:24","slug":"preparation-a-la-naissance","status":"publish","type":"page","link":"https:\/\/vanessasimon-sagefemme.com\/index.php\/preparation-a-la-naissance\/","title":{"rendered":"Pr\u00e9paration \u00e0 la naissance"},"content":{"rendered":"\n<p>7 s\u00e9ances de pr\u00e9paration \u00e0 la naissance sont possibles au cours de la grossesse.<\/p>\n\n\n\n<p>Ces s\u00e9ances sont souvent d\u00e9but\u00e9es vers le 6-7\u00e8me mois, lorsque vous commencez \u00e0 aborder votre dernier trimestre de grossesse, et \u00e0 vous pr\u00e9parer \u00e0 accueillir votre b\u00e9b\u00e9. <\/p>\n\n\n\n<p>Diff\u00e9rentes formules sont possibles: pr\u00e9paration en couple individuel ou pr\u00e9paration en collectif (maximum 3 couples)<\/p>\n\n\n\n<p>Lors des <strong>pr\u00e9parations individuelles<\/strong>, les sujets \u00e9voqu\u00e9s sont \u00e0 la carte selon la demande de la femme\/ du couple. <\/p>\n\n\n\n<p>Lors des <strong>pr\u00e9parations en collectif<\/strong>, les s\u00e9ances abordent ces diff\u00e9rents th\u00e8mes:<\/p>\n\n\n\n<ul class=\"wp-block-list\">\n<li>la fin de grossesse et pr\u00e9paration du corps vers la naissance &#8211; exercices physiques et respiration<\/li>\n\n\n\n<li>le d\u00e9roulement de la naissance, d&#8217;un point de vue chimique, psychologique, physique et obst\u00e9trical<\/li>\n\n\n\n<li>comment accompagner sa compagne lors de son accouchement : la &#8220;boite \u00e0 outils&#8221; puis\u00e9s dans diff\u00e9rentes approches (sophrologie, m\u00e9thode bonapace, rebozzo, exercices de Gasquet, m\u00e9ditation de pleine conscience, yoga&#8230;)<\/li>\n\n\n\n<li>la m\u00e9dicalisation de la naissance : comment vivre activement une m\u00e9dicalisation choisie ou n\u00e9cessaire? comprendre cette m\u00e9dicalisation et s&#8217;adapter<\/li>\n\n\n\n<li>le b\u00e9b\u00e9 : adaptation du b\u00e9b\u00e9 \u00e0 la vie post-natale, les premiers jours, pleurs et sommeil, alimentation, soins, et parentalit\u00e9&#8230;<\/li>\n\n\n\n<li>la maman en post-natal : comment prendre soin de son corps et se pr\u00e9parer \u00e0 un post-natal plus bienveillant et doux. Comment soutenir sa compagne en post-natal?<\/li>\n<\/ul>\n\n\n\n<p><strong>Ateliers <\/strong><\/p>\n\n\n\n<p>Inscription libre, en couple ou non, ces ateliers peuvent \u00eatre l&#8217;occasion d&#8217;\u00e9changer, s&#8217;informer autour d&#8217;un th\u00e8me. Ils peuvent \u00eatre pris en charge \u00e0 100% par la s\u00e9curit\u00e9 sociale au titre d&#8217;un cours de pr\u00e9paration \u00e0 la naissance.<\/p>\n\n\n\n<ul class=\"wp-block-list\">\n<li><a href=\"http:\/\/vanessasimon-sagefemme.com\/index.php\/ateliers-portage\/\">atelier portage<\/a><\/li>\n\n\n\n<li><a href=\"http:\/\/vanessasimon-sagefemme.com\/index.php\/atelier-allaitement-maternel\/\">atelier allaitement maternel<\/a><\/li>\n\n\n\n<li><a href=\"http:\/\/vanessasimon-sagefemme.com\/index.php\/atelier-bebe-rythme-pleurs-sommeil\/\">atelier b\u00e9b\u00e9: rythme, pleurs et sommeil<\/a><\/li>\n<\/ul>\n\n\n\n<p>Des <a href=\"http:\/\/vanessasimon-sagefemme.com\/index.php\/atelier-parents-et-bebes\/\" data-type=\"URL\" data-id=\"http:\/\/vanessasimon-sagefemme.com\/index.php\/atelier-parents-et-bebes\/\">ateliers en post-natal<\/a> sont aussi possibles.<\/p>\n","protected":false},"excerpt":{"rendered":"<p>7 s\u00e9ances de pr\u00e9paration \u00e0 la naissance sont possibles au cours de la grossesse. Ces s\u00e9ances sont souvent d\u00e9but\u00e9es vers le 6-7\u00e8me mois, lorsque vous &hellip; <\/p>\n","protected":false},"author":1,"featured_media":706,"parent":0,"menu_order":0,"comment_status":"open","ping_status":"closed","template":"","meta":{"footnotes":""},"class_list":["post-175","page","type-page","status-publish","has-post-thumbnail","hentry"],"yoast_head":"<!-- This site is optimized with the Yoast SEO plugin v20.9 - https:\/\/yoast.com\/wordpress\/plugins\/seo\/ -->\n<title>Pr\u00e9paration \u00e0 la naissance - Vanessa SIMON<\/title>\n<meta name=\"robots\" content=\"index, follow, max-snippet:-1, max-image-preview:large, max-video-preview:-1\" \/>\n<link rel=\"canonical\" href=\"https:\/\/vanessasimon-sagefemme.com\/index.php\/preparation-a-la-naissance\/\" \/>\n<meta property=\"og:locale\" content=\"en_US\" \/>\n<meta property=\"og:type\" content=\"article\" \/>\n<meta property=\"og:title\" content=\"Pr\u00e9paration \u00e0 la naissance - Vanessa SIMON\" \/>\n<meta property=\"og:description\" content=\"7 s\u00e9ances de pr\u00e9paration \u00e0 la naissance sont possibles au cours de la grossesse. Ces s\u00e9ances sont souvent d\u00e9but\u00e9es vers le 6-7\u00e8me mois, lorsque vous &hellip;\" \/>\n<meta property=\"og:url\" content=\"https:\/\/vanessasimon-sagefemme.com\/index.php\/preparation-a-la-naissance\/\" \/>\n<meta property=\"og:site_name\" content=\"Vanessa SIMON\" \/>\n<meta property=\"article:modified_time\" content=\"2023-10-10T14:56:24+00:00\" \/>\n<meta property=\"og:image\" content=\"https:\/\/vanessasimon-sagefemme.com\/wp-content\/uploads\/2023\/10\/PXL_20231003_162105044.MP_-scaled.jpg\" \/>\n\t<meta property=\"og:image:width\" content=\"2560\" \/>\n\t<meta property=\"og:image:height\" content=\"1440\" \/>\n\t<meta property=\"og:image:type\" content=\"image\/jpeg\" \/>\n<meta name=\"twitter:card\" content=\"summary_large_image\" \/>\n<meta name=\"twitter:label1\" content=\"Est. reading time\" \/>\n\t<meta name=\"twitter:data1\" content=\"2 minutes\" \/>\n<script type=\"application\/ld+json\" class=\"yoast-schema-graph\">{\"@context\":\"https:\/\/schema.org\",\"@graph\":[{\"@type\":\"WebPage\",\"@id\":\"https:\/\/vanessasimon-sagefemme.com\/index.php\/preparation-a-la-naissance\/\",\"url\":\"https:\/\/vanessasimon-sagefemme.com\/index.php\/preparation-a-la-naissance\/\",\"name\":\"Pr\u00e9paration \u00e0 la naissance - Vanessa SIMON\",\"isPartOf\":{\"@id\":\"https:\/\/vanessasimon-sagefemme.com\/#website\"},\"datePublished\":\"2023-04-18T21:01:42+00:00\",\"dateModified\":\"2023-10-10T14:56:24+00:00\",\"breadcrumb\":{\"@id\":\"https:\/\/vanessasimon-sagefemme.com\/index.php\/preparation-a-la-naissance\/#breadcrumb\"},\"inLanguage\":\"en-US\",\"potentialAction\":[{\"@type\":\"ReadAction\",\"target\":[\"https:\/\/vanessasimon-sagefemme.com\/index.php\/preparation-a-la-naissance\/\"]}]},{\"@type\":\"BreadcrumbList\",\"@id\":\"https:\/\/vanessasimon-sagefemme.com\/index.php\/preparation-a-la-naissance\/#breadcrumb\",\"itemListElement\":[{\"@type\":\"ListItem\",\"position\":1,\"name\":\"Accueil\",\"item\":\"https:\/\/vanessasimon-sagefemme.com\/\"},{\"@type\":\"ListItem\",\"position\":2,\"name\":\"Pr\u00e9paration \u00e0 la naissance\"}]},{\"@type\":\"WebSite\",\"@id\":\"https:\/\/vanessasimon-sagefemme.com\/#website\",\"url\":\"https:\/\/vanessasimon-sagefemme.com\/\",\"name\":\"Vanessa SIMON\",\"description\":\"Sage-Femme\",\"publisher\":{\"@id\":\"https:\/\/vanessasimon-sagefemme.com\/#organization\"},\"potentialAction\":[{\"@type\":\"SearchAction\",\"target\":{\"@type\":\"EntryPoint\",\"urlTemplate\":\"https:\/\/vanessasimon-sagefemme.com\/?s={search_term_string}\"},\"query-input\":\"required name=search_term_string\"}],\"inLanguage\":\"en-US\"},{\"@type\":\"Organization\",\"@id\":\"https:\/\/vanessasimon-sagefemme.com\/#organization\",\"name\":\"Vanessa SIMON\",\"url\":\"https:\/\/vanessasimon-sagefemme.com\/\",\"logo\":{\"@type\":\"ImageObject\",\"inLanguage\":\"en-US\",\"@id\":\"https:\/\/vanessasimon-sagefemme.com\/#\/schema\/logo\/image\/\",\"url\":\"https:\/\/vanessasimon-sagefemme.com\/wp-content\/uploads\/2023\/04\/cropped-cropped-logo-site-internet-2.png\",\"contentUrl\":\"https:\/\/vanessasimon-sagefemme.com\/wp-content\/uploads\/2023\/04\/cropped-cropped-logo-site-internet-2.png\",\"width\":109,\"height\":195,\"caption\":\"Vanessa SIMON\"},\"image\":{\"@id\":\"https:\/\/vanessasimon-sagefemme.com\/#\/schema\/logo\/image\/\"}}]}<\/script>\n<!-- \/ Yoast SEO plugin. -->","yoast_head_json":{"title":"Pr\u00e9paration \u00e0 la naissance - Vanessa SIMON","robots":{"index":"index","follow":"follow","max-snippet":"max-snippet:-1","max-image-preview":"max-image-preview:large","max-video-preview":"max-video-preview:-1"},"canonical":"https:\/\/vanessasimon-sagefemme.com\/index.php\/preparation-a-la-naissance\/","og_locale":"en_US","og_type":"article","og_title":"Pr\u00e9paration \u00e0 la naissance - Vanessa SIMON","og_description":"7 s\u00e9ances de pr\u00e9paration \u00e0 la naissance sont possibles au cours de la grossesse. Ces s\u00e9ances sont souvent d\u00e9but\u00e9es vers le 6-7\u00e8me mois, lorsque vous &hellip;","og_url":"https:\/\/vanessasimon-sagefemme.com\/index.php\/preparation-a-la-naissance\/","og_site_name":"Vanessa SIMON","article_modified_time":"2023-10-10T14:56:24+00:00","og_image":[{"width":2560,"height":1440,"url":"https:\/\/vanessasimon-sagefemme.com\/wp-content\/uploads\/2023\/10\/PXL_20231003_162105044.MP_-scaled.jpg","type":"image\/jpeg"}],"twitter_card":"summary_large_image","twitter_misc":{"Est. reading time":"2 minutes"},"schema":{"@context":"https:\/\/schema.org","@graph":[{"@type":"WebPage","@id":"https:\/\/vanessasimon-sagefemme.com\/index.php\/preparation-a-la-naissance\/","url":"https:\/\/vanessasimon-sagefemme.com\/index.php\/preparation-a-la-naissance\/","name":"Pr\u00e9paration \u00e0 la naissance - Vanessa SIMON","isPartOf":{"@id":"https:\/\/vanessasimon-sagefemme.com\/#website"},"datePublished":"2023-04-18T21:01:42+00:00","dateModified":"2023-10-10T14:56:24+00:00","breadcrumb":{"@id":"https:\/\/vanessasimon-sagefemme.com\/index.php\/preparation-a-la-naissance\/#breadcrumb"},"inLanguage":"en-US","potentialAction":[{"@type":"ReadAction","target":["https:\/\/vanessasimon-sagefemme.com\/index.php\/preparation-a-la-naissance\/"]}]},{"@type":"BreadcrumbList","@id":"https:\/\/vanessasimon-sagefemme.com\/index.php\/preparation-a-la-naissance\/#breadcrumb","itemListElement":[{"@type":"ListItem","position":1,"name":"Accueil","item":"https:\/\/vanessasimon-sagefemme.com\/"},{"@type":"ListItem","position":2,"name":"Pr\u00e9paration \u00e0 la naissance"}]},{"@type":"WebSite","@id":"https:\/\/vanessasimon-sagefemme.com\/#website","url":"https:\/\/vanessasimon-sagefemme.com\/","name":"Vanessa SIMON","description":"Sage-Femme","publisher":{"@id":"https:\/\/vanessasimon-sagefemme.com\/#organization"},"potentialAction":[{"@type":"SearchAction","target":{"@type":"EntryPoint","urlTemplate":"https:\/\/vanessasimon-sagefemme.com\/?s={search_term_string}"},"query-input":"required name=search_term_string"}],"inLanguage":"en-US"},{"@type":"Organization","@id":"https:\/\/vanessasimon-sagefemme.com\/#organization","name":"Vanessa SIMON","url":"https:\/\/vanessasimon-sagefemme.com\/","logo":{"@type":"ImageObject","inLanguage":"en-US","@id":"https:\/\/vanessasimon-sagefemme.com\/#\/schema\/logo\/image\/","url":"https:\/\/vanessasimon-sagefemme.com\/wp-content\/uploads\/2023\/04\/cropped-cropped-logo-site-internet-2.png","contentUrl":"https:\/\/vanessasimon-sagefemme.com\/wp-content\/uploads\/2023\/04\/cropped-cropped-logo-site-internet-2.png","width":109,"height":195,"caption":"Vanessa SIMON"},"image":{"@id":"https:\/\/vanessasimon-sagefemme.com\/#\/schema\/logo\/image\/"}}]}},"_links":{"self":[{"href":"https:\/\/vanessasimon-sagefemme.com\/index.php\/wp-json\/wp\/v2\/pages\/175","targetHints":{"allow":["GET"]}}],"collection":[{"href":"https:\/\/vanessasimon-sagefemme.com\/index.php\/wp-json\/wp\/v2\/pages"}],"about":[{"href":"https:\/\/vanessasimon-sagefemme.com\/index.php\/wp-json\/wp\/v2\/types\/page"}],"author":[{"embeddable":true,"href":"https:\/\/vanessasimon-sagefemme.com\/index.php\/wp-json\/wp\/v2\/users\/1"}],"replies":[{"embeddable":true,"href":"https:\/\/vanessasimon-sagefemme.com\/index.php\/wp-json\/wp\/v2\/comments?post=175"}],"version-history":[{"count":4,"href":"https:\/\/vanessasimon-sagefemme.com\/index.php\/wp-json\/wp\/v2\/pages\/175\/revisions"}],"predecessor-version":[{"id":437,"href":"https:\/\/vanessasimon-sagefemme.com\/index.php\/wp-json\/wp\/v2\/pages\/175\/revisions\/437"}],"wp:featuredmedia":[{"embeddable":true,"href":"https:\/\/vanessasimon-sagefemme.com\/index.php\/wp-json\/wp\/v2\/media\/706"}],"wp:attachment":[{"href":"https:\/\/vanessasimon-sagefemme.com\/index.php\/wp-json\/wp\/v2\/media?parent=175"}],"curies":[{"name":"wp","href":"https:\/\/api.w.org\/{rel}","templated":true}]}}