{"id":171,"date":"2023-04-18T22:47:56","date_gmt":"2023-04-18T20:47:56","guid":{"rendered":"http:\/\/vanessasimon-sagefemme.com\/?page_id=171"},"modified":"2024-02-19T12:03:29","modified_gmt":"2024-02-19T11:03:29","slug":"accompagnement-global","status":"publish","type":"page","link":"https:\/\/vanessasimon-sagefemme.com\/index.php\/accompagnement-global\/","title":{"rendered":"Naissance \u00e0 domicile"},"content":{"rendered":"\n<p>L&#8217;accompagnement global est un suivi complet par la sage-femme comprenant les consultations m\u00e9dicales au cours de la grossesse, une pr\u00e9paration \u00e0 la naissance et un projet de naissance \u00e0 domicile avec suivi en post natal.<\/p>\n\n\n\n<p>Parce que de l&#8217;\u00e9change nait une <strong>relation de confiance<\/strong>. Chaque rendez-vous est un temps d&#8217;\u00e9coute et d&#8217;\u00e9change riche, s\u00e9curisant, apaisant pour que le couple, la femme \u00e9volue avec s\u00e9r\u00e9nit\u00e9 au fil de la grossesse, de sa naissance et de sa parentalit\u00e9.<\/p>\n\n\n\n<p>Parce que de l&#8217;<strong>harmonie<\/strong> nait la magie. Cette confiance et intimit\u00e9 d\u00e9velopp\u00e9e avec la sage-femme, vous permet de vous sentir respect\u00e9s, tels que vous \u00eates, et d&#8217;acc\u00e9der \u00e0 votre libert\u00e9 \u00e9motionnelle, physique et intime au moment de la naissance de votre enfant. <\/p>\n\n\n\n<p>Parce que confiance rime avec s\u00e9curit\u00e9 et dialogue. Parfois, la vie d\u00e9cide que ce b\u00e9b\u00e9 ne naitra pas \u00e0 la maison&#8230; En cas de pathologie en cours de grossesse ou de la naissance, un transfert vers une maternit\u00e9 est possible. Quelque soit votre voie, je vous accompagne, et si la naissance ne peut se faire \u00e0 la maison, nous travaillons \u00e0 ce que la transition et l&#8217;adaptation vers une maternit\u00e9 soit possible. Il m&#8217;est parfois possible de vous accompagner \u00e0 la maternit\u00e9 et rester pr\u00e9sente \u00e0 vos c\u00f4t\u00e9s.<\/p>\n\n\n\n<p><em>Pourquoi mettre au monde son b\u00e9b\u00e9 \u00e0 la maison?<\/em><\/p>\n\n\n\n<ul class=\"wp-block-list\">\n<li>Pour aller \u00e0 son rythme dans l&#8217;intensit\u00e9 de la naissance, vivre son passage dans son propre univers, entour\u00e9e des \u00e9l\u00e9ments qui nous apportent d\u00e9tente, bien \u00eatre, apaisement.<\/li>\n<\/ul>\n\n\n\n<ul class=\"wp-block-list\">\n<li>Pour se sentir respect\u00e9e, soutenue, par son conjoint et une\/plusieurs personnes de confiance.<\/li>\n<\/ul>\n\n\n\n<ul class=\"wp-block-list\">\n<li>Pour que ce jour soit un moment familial, simple, doux et magique.<\/li>\n<\/ul>\n\n\n\n<ul class=\"wp-block-list\">\n<li>Pour bien d&#8217;autres raisons personnelles&#8230; vos motifs sont multiples, mais \u00e0 la fin reste une seule v\u00e9rit\u00e9: depuis la nuit des temps les femmes mettent au monde leur b\u00e9b\u00e9. La grossesse et la naissance sont des passages normaux, physiologiques dans le corps d&#8217;une femme. Votre b\u00e9b\u00e9 a choisi de venir au monde et vous a choisi pour \u00eatre ses parents. A travers cette naissance du b\u00e9b\u00e9, naissance de la m\u00e8re, et naissance d&#8217;un p\u00e8re (ou d&#8217;une autre m\u00e8re) le couple vit une exp\u00e9rience in\u00e9dite,  union puissante dans l&#8217;accueil de cette vie qu&#8217;il leur est offerte d&#8217;accompagner.<\/li>\n<\/ul>\n\n\n\n<p>En partenariat avec la Clinique Jules Verne, je travaille \u00e9galement facilement avec les \u00e9quipes du CHU de Nantes ainsi que d&#8217;autres maternit\u00e9s dans les environs.<\/p>\n\n\n\n<p>Informations : mise en contact possible avec des papas \/ mamans ayant v\u00e9cu des naissances \u00e0 domicile,  (me contacter personnellement)<\/p>\n","protected":false},"excerpt":{"rendered":"<p>L&#8217;accompagnement global est un suivi complet par la sage-femme comprenant les consultations m\u00e9dicales au cours de la grossesse, une pr\u00e9paration \u00e0 la naissance et un &hellip; <\/p>\n","protected":false},"author":1,"featured_media":252,"parent":0,"menu_order":0,"comment_status":"open","ping_status":"closed","template":"","meta":{"footnotes":""},"class_list":["post-171","page","type-page","status-publish","has-post-thumbnail","hentry"],"yoast_head":"<!-- This site is optimized with the Yoast SEO plugin v20.9 - https:\/\/yoast.com\/wordpress\/plugins\/seo\/ -->\n<title>Naissance \u00e0 domicile - Vanessa SIMON<\/title>\n<meta name=\"robots\" content=\"index, follow, max-snippet:-1, max-image-preview:large, max-video-preview:-1\" \/>\n<link rel=\"canonical\" href=\"https:\/\/vanessasimon-sagefemme.com\/index.php\/accompagnement-global\/\" \/>\n<meta property=\"og:locale\" content=\"en_US\" \/>\n<meta property=\"og:type\" content=\"article\" \/>\n<meta property=\"og:title\" content=\"Naissance \u00e0 domicile - Vanessa SIMON\" \/>\n<meta property=\"og:description\" content=\"L&#8217;accompagnement global est un suivi complet par la sage-femme comprenant les consultations m\u00e9dicales au cours de la grossesse, une pr\u00e9paration \u00e0 la naissance et un &hellip;\" \/>\n<meta property=\"og:url\" content=\"https:\/\/vanessasimon-sagefemme.com\/index.php\/accompagnement-global\/\" \/>\n<meta property=\"og:site_name\" content=\"Vanessa SIMON\" \/>\n<meta property=\"article:modified_time\" content=\"2024-02-19T11:03:29+00:00\" \/>\n<meta property=\"og:image\" content=\"https:\/\/vanessasimon-sagefemme.com\/wp-content\/uploads\/2023\/04\/sun-698402_1920.jpg\" \/>\n\t<meta property=\"og:image:width\" content=\"1920\" \/>\n\t<meta property=\"og:image:height\" content=\"1280\" \/>\n\t<meta property=\"og:image:type\" content=\"image\/jpeg\" \/>\n<meta name=\"twitter:card\" content=\"summary_large_image\" \/>\n<meta name=\"twitter:label1\" content=\"Est. reading time\" \/>\n\t<meta name=\"twitter:data1\" content=\"2 minutes\" \/>\n<script type=\"application\/ld+json\" class=\"yoast-schema-graph\">{\"@context\":\"https:\/\/schema.org\",\"@graph\":[{\"@type\":\"WebPage\",\"@id\":\"https:\/\/vanessasimon-sagefemme.com\/index.php\/accompagnement-global\/\",\"url\":\"https:\/\/vanessasimon-sagefemme.com\/index.php\/accompagnement-global\/\",\"name\":\"Naissance \u00e0 domicile - Vanessa SIMON\",\"isPartOf\":{\"@id\":\"https:\/\/vanessasimon-sagefemme.com\/#website\"},\"datePublished\":\"2023-04-18T20:47:56+00:00\",\"dateModified\":\"2024-02-19T11:03:29+00:00\",\"breadcrumb\":{\"@id\":\"https:\/\/vanessasimon-sagefemme.com\/index.php\/accompagnement-global\/#breadcrumb\"},\"inLanguage\":\"en-US\",\"potentialAction\":[{\"@type\":\"ReadAction\",\"target\":[\"https:\/\/vanessasimon-sagefemme.com\/index.php\/accompagnement-global\/\"]}]},{\"@type\":\"BreadcrumbList\",\"@id\":\"https:\/\/vanessasimon-sagefemme.com\/index.php\/accompagnement-global\/#breadcrumb\",\"itemListElement\":[{\"@type\":\"ListItem\",\"position\":1,\"name\":\"Accueil\",\"item\":\"https:\/\/vanessasimon-sagefemme.com\/\"},{\"@type\":\"ListItem\",\"position\":2,\"name\":\"Naissance \u00e0 domicile\"}]},{\"@type\":\"WebSite\",\"@id\":\"https:\/\/vanessasimon-sagefemme.com\/#website\",\"url\":\"https:\/\/vanessasimon-sagefemme.com\/\",\"name\":\"Vanessa SIMON\",\"description\":\"Sage-Femme\",\"publisher\":{\"@id\":\"https:\/\/vanessasimon-sagefemme.com\/#organization\"},\"potentialAction\":[{\"@type\":\"SearchAction\",\"target\":{\"@type\":\"EntryPoint\",\"urlTemplate\":\"https:\/\/vanessasimon-sagefemme.com\/?s={search_term_string}\"},\"query-input\":\"required name=search_term_string\"}],\"inLanguage\":\"en-US\"},{\"@type\":\"Organization\",\"@id\":\"https:\/\/vanessasimon-sagefemme.com\/#organization\",\"name\":\"Vanessa SIMON\",\"url\":\"https:\/\/vanessasimon-sagefemme.com\/\",\"logo\":{\"@type\":\"ImageObject\",\"inLanguage\":\"en-US\",\"@id\":\"https:\/\/vanessasimon-sagefemme.com\/#\/schema\/logo\/image\/\",\"url\":\"https:\/\/vanessasimon-sagefemme.com\/wp-content\/uploads\/2023\/04\/cropped-cropped-logo-site-internet-2.png\",\"contentUrl\":\"https:\/\/vanessasimon-sagefemme.com\/wp-content\/uploads\/2023\/04\/cropped-cropped-logo-site-internet-2.png\",\"width\":109,\"height\":195,\"caption\":\"Vanessa SIMON\"},\"image\":{\"@id\":\"https:\/\/vanessasimon-sagefemme.com\/#\/schema\/logo\/image\/\"}}]}<\/script>\n<!-- \/ Yoast SEO plugin. -->","yoast_head_json":{"title":"Naissance \u00e0 domicile - Vanessa SIMON","robots":{"index":"index","follow":"follow","max-snippet":"max-snippet:-1","max-image-preview":"max-image-preview:large","max-video-preview":"max-video-preview:-1"},"canonical":"https:\/\/vanessasimon-sagefemme.com\/index.php\/accompagnement-global\/","og_locale":"en_US","og_type":"article","og_title":"Naissance \u00e0 domicile - Vanessa SIMON","og_description":"L&#8217;accompagnement global est un suivi complet par la sage-femme comprenant les consultations m\u00e9dicales au cours de la grossesse, une pr\u00e9paration \u00e0 la naissance et un &hellip;","og_url":"https:\/\/vanessasimon-sagefemme.com\/index.php\/accompagnement-global\/","og_site_name":"Vanessa SIMON","article_modified_time":"2024-02-19T11:03:29+00:00","og_image":[{"width":1920,"height":1280,"url":"https:\/\/vanessasimon-sagefemme.com\/wp-content\/uploads\/2023\/04\/sun-698402_1920.jpg","type":"image\/jpeg"}],"twitter_card":"summary_large_image","twitter_misc":{"Est. reading time":"2 minutes"},"schema":{"@context":"https:\/\/schema.org","@graph":[{"@type":"WebPage","@id":"https:\/\/vanessasimon-sagefemme.com\/index.php\/accompagnement-global\/","url":"https:\/\/vanessasimon-sagefemme.com\/index.php\/accompagnement-global\/","name":"Naissance \u00e0 domicile - Vanessa SIMON","isPartOf":{"@id":"https:\/\/vanessasimon-sagefemme.com\/#website"},"datePublished":"2023-04-18T20:47:56+00:00","dateModified":"2024-02-19T11:03:29+00:00","breadcrumb":{"@id":"https:\/\/vanessasimon-sagefemme.com\/index.php\/accompagnement-global\/#breadcrumb"},"inLanguage":"en-US","potentialAction":[{"@type":"ReadAction","target":["https:\/\/vanessasimon-sagefemme.com\/index.php\/accompagnement-global\/"]}]},{"@type":"BreadcrumbList","@id":"https:\/\/vanessasimon-sagefemme.com\/index.php\/accompagnement-global\/#breadcrumb","itemListElement":[{"@type":"ListItem","position":1,"name":"Accueil","item":"https:\/\/vanessasimon-sagefemme.com\/"},{"@type":"ListItem","position":2,"name":"Naissance \u00e0 domicile"}]},{"@type":"WebSite","@id":"https:\/\/vanessasimon-sagefemme.com\/#website","url":"https:\/\/vanessasimon-sagefemme.com\/","name":"Vanessa SIMON","description":"Sage-Femme","publisher":{"@id":"https:\/\/vanessasimon-sagefemme.com\/#organization"},"potentialAction":[{"@type":"SearchAction","target":{"@type":"EntryPoint","urlTemplate":"https:\/\/vanessasimon-sagefemme.com\/?s={search_term_string}"},"query-input":"required name=search_term_string"}],"inLanguage":"en-US"},{"@type":"Organization","@id":"https:\/\/vanessasimon-sagefemme.com\/#organization","name":"Vanessa SIMON","url":"https:\/\/vanessasimon-sagefemme.com\/","logo":{"@type":"ImageObject","inLanguage":"en-US","@id":"https:\/\/vanessasimon-sagefemme.com\/#\/schema\/logo\/image\/","url":"https:\/\/vanessasimon-sagefemme.com\/wp-content\/uploads\/2023\/04\/cropped-cropped-logo-site-internet-2.png","contentUrl":"https:\/\/vanessasimon-sagefemme.com\/wp-content\/uploads\/2023\/04\/cropped-cropped-logo-site-internet-2.png","width":109,"height":195,"caption":"Vanessa SIMON"},"image":{"@id":"https:\/\/vanessasimon-sagefemme.com\/#\/schema\/logo\/image\/"}}]}},"_links":{"self":[{"href":"https:\/\/vanessasimon-sagefemme.com\/index.php\/wp-json\/wp\/v2\/pages\/171","targetHints":{"allow":["GET"]}}],"collection":[{"href":"https:\/\/vanessasimon-sagefemme.com\/index.php\/wp-json\/wp\/v2\/pages"}],"about":[{"href":"https:\/\/vanessasimon-sagefemme.com\/index.php\/wp-json\/wp\/v2\/types\/page"}],"author":[{"embeddable":true,"href":"https:\/\/vanessasimon-sagefemme.com\/index.php\/wp-json\/wp\/v2\/users\/1"}],"replies":[{"embeddable":true,"href":"https:\/\/vanessasimon-sagefemme.com\/index.php\/wp-json\/wp\/v2\/comments?post=171"}],"version-history":[{"count":6,"href":"https:\/\/vanessasimon-sagefemme.com\/index.php\/wp-json\/wp\/v2\/pages\/171\/revisions"}],"predecessor-version":[{"id":731,"href":"https:\/\/vanessasimon-sagefemme.com\/index.php\/wp-json\/wp\/v2\/pages\/171\/revisions\/731"}],"wp:featuredmedia":[{"embeddable":true,"href":"https:\/\/vanessasimon-sagefemme.com\/index.php\/wp-json\/wp\/v2\/media\/252"}],"wp:attachment":[{"href":"https:\/\/vanessasimon-sagefemme.com\/index.php\/wp-json\/wp\/v2\/media?parent=171"}],"curies":[{"name":"wp","href":"https:\/\/api.w.org\/{rel}","templated":true}]}}