{"id":105,"date":"2023-04-10T22:56:17","date_gmt":"2023-04-10T20:56:17","guid":{"rendered":"http:\/\/vanessasimon-sagefemme.com\/?page_id=105"},"modified":"2024-02-19T10:56:59","modified_gmt":"2024-02-19T09:56:59","slug":"suivi-de-grossesse","status":"publish","type":"page","link":"https:\/\/vanessasimon-sagefemme.com\/index.php\/suivi-de-grossesse\/","title":{"rendered":"Suivi de grossesse"},"content":{"rendered":"\n<p>Le suivi de grossesse en France regroupe diff\u00e9rents \u00e9l\u00e9ments:<\/p>\n\n\n\n<ul class=\"wp-block-list\">\n<li>un <strong>suivi m\u00e9dical<\/strong> : \n<ul class=\"wp-block-list\">\n<li>\u00e0 partir de 12 sa, 1 consultation par m\u00e9decin \/ gyn\u00e9cologue\/ sage-femme par mois est recommand\u00e9e, les consultations du 8\u00e8me et 9\u00e8me mois devant se d\u00e9rouler dans une maternit\u00e9. Il est recommand\u00e9 \u00e9galement une consultation d&#8217;anesth\u00e9sie en fin de grossesse.                    Ces  consultations sont prises en charge \u00e0 100% par la s\u00e9curit\u00e9 sociale. <\/li>\n\n\n\n<li>un suivi \u00e9chographique : \u00e9chographies de 12sa, 22sa, 32sa, elles ont pour but de suivre le d\u00e9veloppement du b\u00e9b\u00e9, s&#8217;assurer de sa vitalit\u00e9 et de sa croissance. Elles sont r\u00e9alis\u00e9es par un cabinet d&#8217;\u00e9chographiste\/ sage-femme \u00e9chographiste ou gyn\u00e9cologue \u00e9chographiste (je ne pratique pas actuellement ces \u00e9chographies)\n<ul class=\"wp-block-list\">\n<li>\u00e9chographie de 12sa: c&#8217;est la d\u00e9couverte de ce futur petit \u00eatre de plusieurs cm d\u00e9ja, elle permet de pr\u00e9ciser le terme de la grossesse \u00e0 partir de sa taille, d\u00e9pister les grossesses g\u00e9mellaires, contr\u00f4ler le bon d\u00e9veloppement du placenta. <\/li>\n\n\n\n<li>\u00e9chographie de 22sa: votre b\u00e9b\u00e9 a d\u00e9ja bien chang\u00e9, et ressemble un humain miniature, que l&#8217;on va observer dans tous ses d\u00e9tails, afin de s&#8217;assurer de son bon d\u00e9veloppement. C&#8217;est l&#8217;occasion pour les curieux de demander le sexe de ce futur enfant.<\/li>\n\n\n\n<li>\u00e9chographie de 32sa: peut-\u00eatre le dernier contact visuel avant la rencontre, l&#8217;\u00e9chographiste \u00e9tudie l&#8217;\u00e9volution de votre enfant, croissance et d\u00e9veloppement de ses organes internes, ainsi que la position et la bonne qualit\u00e9 des \u00e9changes du placenta.<\/li>\n<\/ul>\n<\/li>\n<\/ul>\n<\/li>\n<\/ul>\n\n\n\n<ul class=\"wp-block-list\">\n<li>un <strong><a href=\"http:\/\/vanessasimon-sagefemme.com\/index.php\/la-consultation-pre-conceptionnelle\/\" data-type=\"URL\" data-id=\"http:\/\/vanessasimon-sagefemme.com\/index.php\/la-consultation-pre-conceptionnelle\/\">entretien pr\u00e9natal<\/a><\/strong> : \u00e0 vis\u00e9e d&#8217;\u00e9change et d&#8217;information, ce temps est d\u00e9di\u00e9 \u00e0 ce projeter vers la naissance et le post-natal, en cours de grossesse, et peut amener \u00e0 \u00e9tablir un projet de naissance, ou \u00e0 programmer un accompagnement adapt\u00e9, souhait\u00e9 en post-natal. <\/li>\n<\/ul>\n\n\n\n<ul class=\"wp-block-list\">\n<li>une <strong><a href=\"https:\/\/vanessasimon-sagefemme.com\/index.php\/preparation-a-la-naissance\/\" data-type=\"URL\" data-id=\"https:\/\/vanessasimon-sagefemme.com\/index.php\/preparation-a-la-naissance\/\">pr\u00e9paration \u00e0 la naissance<\/a><\/strong>: facultative, celle ci peut comporter plusieurs facettes :\n<ul class=\"wp-block-list\">\n<li>informations et explications sur la naissance et la parentalit\u00e9,<\/li>\n\n\n\n<li>celle-ci peut comprendre aussi des sp\u00e9cialit\u00e9s comme l&#8217;haptonomie, le yoga, la sophrologie, l&#8217;hypnose, l&#8217;aquagym pr\u00e9natale, la m\u00e9thode bonapace et autre&#8230;<\/li>\n\n\n\n<li>7 s\u00e9ances sont possibles et prises en charge \u00e0 100% par la s\u00e9curit\u00e9 sociale.<\/li>\n<\/ul>\n<\/li>\n<\/ul>\n\n\n\n<ul class=\"wp-block-list\">\n<li>un <strong>suivi sp\u00e9cialis\u00e9<\/strong> : lorsque votre grossesse a besoin d&#8217;une surveillance plus pr\u00e9cise, le gyn\u00e9cologue-obst\u00e9tricien propose un <a href=\"http:\/\/vanessasimon-sagefemme.com\/index.php\/suivi-specialise\/\" data-type=\"URL\" data-id=\"http:\/\/vanessasimon-sagefemme.com\/index.php\/suivi-specialise\/\">suivi \u00e0 domicile<\/a>.<\/li>\n<\/ul>\n\n\n\n<p class=\"has-medium-font-size\"><strong>Questions pratiques :<\/strong><\/p>\n\n\n\n<ul class=\"wp-block-list\">\n<li><em>A quel moment consulter apr\u00e8s la d\u00e9couverte de la grossesse? <\/em>\n<ul class=\"wp-block-list\">\n<li>pas d&#8217;urgence tant que physiquement vous allez bien, <\/li>\n\n\n\n<li>cette premi\u00e8re consultation permettra de faire le point sur votre sant\u00e9 si cela n&#8217;a pas \u00e9t\u00e9 fait en ant\u00e9natal (<a rel=\"noreferrer noopener\" href=\"http:\/\/vanessasimon-sagefemme.com\/index.php\/la-consultation-pre-conceptionnelle\/\" data-type=\"URL\" data-id=\"http:\/\/vanessasimon-sagefemme.com\/index.php\/la-consultation-pre-conceptionnelle\/\" target=\"_blank\">consultation pr\u00e9 conceptionnelle<\/a>), voire si il y a lieu de prescrire une \u00e9chographie de datation (\u00e9chographie pr\u00e9coce vers 7-8 sa, afin de s&#8217;assurer que le d\u00e9but de la grossesse se d\u00e9veloppe bien).<\/li>\n<\/ul>\n<\/li>\n<\/ul>\n\n\n\n<ul class=\"wp-block-list\">\n<li><em>Comment dater la grossesse ? SA ou SG ???<\/em>\n<ul class=\"wp-block-list\">\n<li>pas toujours simple de se retrouver&#8230; un document explicatif est disponible<\/li>\n<\/ul>\n<\/li>\n<\/ul>\n\n\n\n<ul class=\"wp-block-list\">\n<li><em>Pourquoi un suivi biologique? <\/em>\n<ul class=\"wp-block-list\">\n<li>une liste d&#8217;\u00e9l\u00e9ments sont recommand\u00e9s en France, parmi ceux-ci il y a la recherche de maladies infectieuses non souhaitable pour la grossesse, ainsi qu&#8217;un suivi biologique pour s&#8217;assurer de la bonne sant\u00e9 de la maman tout au long de la grossesse. La sage-femme prendra le temps de vous expliquer le but de ces analyses.<\/li>\n<\/ul>\n<\/li>\n<\/ul>\n\n\n\n<ul class=\"wp-block-list\">\n<li><em>Que fait la sage-femme pour vous lors des consultations?     <\/em>                                                                Les consultations mensuelles ont pour but un bien \u00eatre \u00e9motionnel, mental et physique de la future m\u00e8re (et du couple). \n<ul class=\"wp-block-list\">\n<li>Nous prenons un temps d&#8217;\u00e9change sur son v\u00e9cu, ses interrogations, son \u00e9volution vers la femme enceinte et la m\u00e8re future qu&#8217;elle va devenir.<\/li>\n\n\n\n<li>un temps d&#8217;examen: \u00e9coute des bruits du coeur du b\u00e9b\u00e9, palpation du ventre, prise de tension art\u00e9rielle, poids \u00e9ventuel&#8230;<\/li>\n\n\n\n<li>un temps de prescription : des conseils (naturopathique, hygiene de vie et autre), la prescription de m\u00e9dicament si cela s&#8217;av\u00e8re n\u00e9cessaire, ou d&#8217;arr\u00eat de travail, ainsi que des analyses m\u00e9dicales recommand\u00e9es. <\/li>\n<\/ul>\n<\/li>\n<\/ul>\n","protected":false},"excerpt":{"rendered":"<p>Le suivi de grossesse en France regroupe diff\u00e9rents \u00e9l\u00e9ments: Questions pratiques :<\/p>\n","protected":false},"author":1,"featured_media":191,"parent":0,"menu_order":0,"comment_status":"closed","ping_status":"closed","template":"","meta":{"footnotes":""},"class_list":["post-105","page","type-page","status-publish","has-post-thumbnail","hentry"],"yoast_head":"<!-- This site is optimized with the Yoast SEO plugin v20.9 - https:\/\/yoast.com\/wordpress\/plugins\/seo\/ -->\n<title>Suivi de grossesse - Vanessa SIMON<\/title>\n<meta name=\"robots\" content=\"index, follow, max-snippet:-1, max-image-preview:large, max-video-preview:-1\" \/>\n<link rel=\"canonical\" href=\"https:\/\/vanessasimon-sagefemme.com\/index.php\/suivi-de-grossesse\/\" \/>\n<meta property=\"og:locale\" content=\"en_US\" \/>\n<meta property=\"og:type\" content=\"article\" \/>\n<meta property=\"og:title\" content=\"Suivi de grossesse - Vanessa SIMON\" \/>\n<meta property=\"og:description\" content=\"Le suivi de grossesse en France regroupe diff\u00e9rents \u00e9l\u00e9ments: Questions pratiques :\" \/>\n<meta property=\"og:url\" content=\"https:\/\/vanessasimon-sagefemme.com\/index.php\/suivi-de-grossesse\/\" \/>\n<meta property=\"og:site_name\" content=\"Vanessa SIMON\" \/>\n<meta property=\"article:modified_time\" content=\"2024-02-19T09:56:59+00:00\" \/>\n<meta property=\"og:image\" content=\"https:\/\/vanessasimon-sagefemme.com\/wp-content\/uploads\/2023\/04\/pregnant-6178270_1920-e1682747671807.jpg\" \/>\n\t<meta property=\"og:image:width\" content=\"1920\" \/>\n\t<meta property=\"og:image:height\" content=\"940\" \/>\n\t<meta property=\"og:image:type\" content=\"image\/jpeg\" \/>\n<meta name=\"twitter:card\" content=\"summary_large_image\" \/>\n<meta name=\"twitter:label1\" content=\"Est. reading time\" \/>\n\t<meta name=\"twitter:data1\" content=\"3 minutes\" \/>\n<script type=\"application\/ld+json\" class=\"yoast-schema-graph\">{\"@context\":\"https:\/\/schema.org\",\"@graph\":[{\"@type\":\"WebPage\",\"@id\":\"https:\/\/vanessasimon-sagefemme.com\/index.php\/suivi-de-grossesse\/\",\"url\":\"https:\/\/vanessasimon-sagefemme.com\/index.php\/suivi-de-grossesse\/\",\"name\":\"Suivi de grossesse - Vanessa SIMON\",\"isPartOf\":{\"@id\":\"https:\/\/vanessasimon-sagefemme.com\/#website\"},\"datePublished\":\"2023-04-10T20:56:17+00:00\",\"dateModified\":\"2024-02-19T09:56:59+00:00\",\"breadcrumb\":{\"@id\":\"https:\/\/vanessasimon-sagefemme.com\/index.php\/suivi-de-grossesse\/#breadcrumb\"},\"inLanguage\":\"en-US\",\"potentialAction\":[{\"@type\":\"ReadAction\",\"target\":[\"https:\/\/vanessasimon-sagefemme.com\/index.php\/suivi-de-grossesse\/\"]}]},{\"@type\":\"BreadcrumbList\",\"@id\":\"https:\/\/vanessasimon-sagefemme.com\/index.php\/suivi-de-grossesse\/#breadcrumb\",\"itemListElement\":[{\"@type\":\"ListItem\",\"position\":1,\"name\":\"Accueil\",\"item\":\"https:\/\/vanessasimon-sagefemme.com\/\"},{\"@type\":\"ListItem\",\"position\":2,\"name\":\"Suivi de grossesse\"}]},{\"@type\":\"WebSite\",\"@id\":\"https:\/\/vanessasimon-sagefemme.com\/#website\",\"url\":\"https:\/\/vanessasimon-sagefemme.com\/\",\"name\":\"Vanessa SIMON\",\"description\":\"Sage-Femme\",\"publisher\":{\"@id\":\"https:\/\/vanessasimon-sagefemme.com\/#organization\"},\"potentialAction\":[{\"@type\":\"SearchAction\",\"target\":{\"@type\":\"EntryPoint\",\"urlTemplate\":\"https:\/\/vanessasimon-sagefemme.com\/?s={search_term_string}\"},\"query-input\":\"required name=search_term_string\"}],\"inLanguage\":\"en-US\"},{\"@type\":\"Organization\",\"@id\":\"https:\/\/vanessasimon-sagefemme.com\/#organization\",\"name\":\"Vanessa SIMON\",\"url\":\"https:\/\/vanessasimon-sagefemme.com\/\",\"logo\":{\"@type\":\"ImageObject\",\"inLanguage\":\"en-US\",\"@id\":\"https:\/\/vanessasimon-sagefemme.com\/#\/schema\/logo\/image\/\",\"url\":\"https:\/\/vanessasimon-sagefemme.com\/wp-content\/uploads\/2023\/04\/cropped-cropped-logo-site-internet-2.png\",\"contentUrl\":\"https:\/\/vanessasimon-sagefemme.com\/wp-content\/uploads\/2023\/04\/cropped-cropped-logo-site-internet-2.png\",\"width\":109,\"height\":195,\"caption\":\"Vanessa SIMON\"},\"image\":{\"@id\":\"https:\/\/vanessasimon-sagefemme.com\/#\/schema\/logo\/image\/\"}}]}<\/script>\n<!-- \/ Yoast SEO plugin. -->","yoast_head_json":{"title":"Suivi de grossesse - Vanessa SIMON","robots":{"index":"index","follow":"follow","max-snippet":"max-snippet:-1","max-image-preview":"max-image-preview:large","max-video-preview":"max-video-preview:-1"},"canonical":"https:\/\/vanessasimon-sagefemme.com\/index.php\/suivi-de-grossesse\/","og_locale":"en_US","og_type":"article","og_title":"Suivi de grossesse - Vanessa SIMON","og_description":"Le suivi de grossesse en France regroupe diff\u00e9rents \u00e9l\u00e9ments: Questions pratiques :","og_url":"https:\/\/vanessasimon-sagefemme.com\/index.php\/suivi-de-grossesse\/","og_site_name":"Vanessa SIMON","article_modified_time":"2024-02-19T09:56:59+00:00","og_image":[{"width":1920,"height":940,"url":"https:\/\/vanessasimon-sagefemme.com\/wp-content\/uploads\/2023\/04\/pregnant-6178270_1920-e1682747671807.jpg","type":"image\/jpeg"}],"twitter_card":"summary_large_image","twitter_misc":{"Est. reading time":"3 minutes"},"schema":{"@context":"https:\/\/schema.org","@graph":[{"@type":"WebPage","@id":"https:\/\/vanessasimon-sagefemme.com\/index.php\/suivi-de-grossesse\/","url":"https:\/\/vanessasimon-sagefemme.com\/index.php\/suivi-de-grossesse\/","name":"Suivi de grossesse - Vanessa SIMON","isPartOf":{"@id":"https:\/\/vanessasimon-sagefemme.com\/#website"},"datePublished":"2023-04-10T20:56:17+00:00","dateModified":"2024-02-19T09:56:59+00:00","breadcrumb":{"@id":"https:\/\/vanessasimon-sagefemme.com\/index.php\/suivi-de-grossesse\/#breadcrumb"},"inLanguage":"en-US","potentialAction":[{"@type":"ReadAction","target":["https:\/\/vanessasimon-sagefemme.com\/index.php\/suivi-de-grossesse\/"]}]},{"@type":"BreadcrumbList","@id":"https:\/\/vanessasimon-sagefemme.com\/index.php\/suivi-de-grossesse\/#breadcrumb","itemListElement":[{"@type":"ListItem","position":1,"name":"Accueil","item":"https:\/\/vanessasimon-sagefemme.com\/"},{"@type":"ListItem","position":2,"name":"Suivi de grossesse"}]},{"@type":"WebSite","@id":"https:\/\/vanessasimon-sagefemme.com\/#website","url":"https:\/\/vanessasimon-sagefemme.com\/","name":"Vanessa SIMON","description":"Sage-Femme","publisher":{"@id":"https:\/\/vanessasimon-sagefemme.com\/#organization"},"potentialAction":[{"@type":"SearchAction","target":{"@type":"EntryPoint","urlTemplate":"https:\/\/vanessasimon-sagefemme.com\/?s={search_term_string}"},"query-input":"required name=search_term_string"}],"inLanguage":"en-US"},{"@type":"Organization","@id":"https:\/\/vanessasimon-sagefemme.com\/#organization","name":"Vanessa SIMON","url":"https:\/\/vanessasimon-sagefemme.com\/","logo":{"@type":"ImageObject","inLanguage":"en-US","@id":"https:\/\/vanessasimon-sagefemme.com\/#\/schema\/logo\/image\/","url":"https:\/\/vanessasimon-sagefemme.com\/wp-content\/uploads\/2023\/04\/cropped-cropped-logo-site-internet-2.png","contentUrl":"https:\/\/vanessasimon-sagefemme.com\/wp-content\/uploads\/2023\/04\/cropped-cropped-logo-site-internet-2.png","width":109,"height":195,"caption":"Vanessa SIMON"},"image":{"@id":"https:\/\/vanessasimon-sagefemme.com\/#\/schema\/logo\/image\/"}}]}},"_links":{"self":[{"href":"https:\/\/vanessasimon-sagefemme.com\/index.php\/wp-json\/wp\/v2\/pages\/105","targetHints":{"allow":["GET"]}}],"collection":[{"href":"https:\/\/vanessasimon-sagefemme.com\/index.php\/wp-json\/wp\/v2\/pages"}],"about":[{"href":"https:\/\/vanessasimon-sagefemme.com\/index.php\/wp-json\/wp\/v2\/types\/page"}],"author":[{"embeddable":true,"href":"https:\/\/vanessasimon-sagefemme.com\/index.php\/wp-json\/wp\/v2\/users\/1"}],"replies":[{"embeddable":true,"href":"https:\/\/vanessasimon-sagefemme.com\/index.php\/wp-json\/wp\/v2\/comments?post=105"}],"version-history":[{"count":11,"href":"https:\/\/vanessasimon-sagefemme.com\/index.php\/wp-json\/wp\/v2\/pages\/105\/revisions"}],"predecessor-version":[{"id":724,"href":"https:\/\/vanessasimon-sagefemme.com\/index.php\/wp-json\/wp\/v2\/pages\/105\/revisions\/724"}],"wp:featuredmedia":[{"embeddable":true,"href":"https:\/\/vanessasimon-sagefemme.com\/index.php\/wp-json\/wp\/v2\/media\/191"}],"wp:attachment":[{"href":"https:\/\/vanessasimon-sagefemme.com\/index.php\/wp-json\/wp\/v2\/media?parent=105"}],"curies":[{"name":"wp","href":"https:\/\/api.w.org\/{rel}","templated":true}]}}